{"id":514,"date":"2016-04-21T15:03:54","date_gmt":"2016-04-21T13:03:54","guid":{"rendered":"http:\/\/www.gigermd.com\/?page_id=514"},"modified":"2026-03-09T08:49:48","modified_gmt":"2026-03-09T07:49:48","slug":"%d8%b4%d8%b1%d9%88%d8%b7-%d9%88%d8%a3%d8%ad%d9%83%d8%a7%d9%85-%d8%ad%d9%82%d9%88%d9%82-%d8%a7%d9%84%d8%b7%d8%a8%d8%b9-%d9%88%d8%a7%d9%84%d9%86%d8%b4%d8%b1","status":"publish","type":"page","link":"https:\/\/www.parkinson-hotline.com\/ar\/agb-copyright\/","title":{"rendered":"AGB\/Copyight"},"content":{"rendered":"<div data-elementor-type=\"wp-page\" data-elementor-id=\"514\" class=\"elementor elementor-514\" data-elementor-post-type=\"page\">\n\t\t\t\t<div class=\"elementor-element elementor-element-7eaeaa5e e-flex e-con-boxed e-con e-parent\" data-id=\"7eaeaa5e\" data-element_type=\"container\" data-e-type=\"container\" data-settings=\"{&quot;background_background&quot;:&quot;classic&quot;}\">\n\t\t\t\t\t<div class=\"e-con-inner\">\n\t\t<div class=\"elementor-element elementor-element-a5166d2 e-con-full e-flex e-con e-child\" data-id=\"a5166d2\" data-element_type=\"container\" data-e-type=\"container\">\n\t\t\t\t<div class=\"elementor-element elementor-element-1f809b6 elementor-widget elementor-widget-heading\" data-id=\"1f809b6\" data-element_type=\"widget\" data-e-type=\"widget\" data-widget_type=\"heading.default\">\n\t\t\t\t\t<h2 class=\"elementor-heading-title elementor-size-default\">\u0627\u0644\u0634\u0631\u0648\u0637 \u0648\u0627\u0644\u0623\u062d\u0643\u0627\u0645 \u0627\u0644\u0639\u0627\u0645\u0629<\/h2>\t\t\t\t<\/div>\n\t\t\t\t<div class=\"elementor-element elementor-element-c31b970 elementor-widget elementor-widget-heading\" data-id=\"c31b970\" data-element_type=\"widget\" data-e-type=\"widget\" data-widget_type=\"heading.default\">\n\t\t\t\t\t<h3 class=\"elementor-heading-title elementor-size-default\">\u0643\u0648\u0645\u0628\u0648 \u0625\u064a\u0647 \u062c\u064a\u060c \u0627\u0644\u062a\u0643\u0646\u0648\u0644\u0648\u062c\u064a\u0627 \u0627\u0644\u0637\u0628\u064a\u0629 GIGER MD\u00ae<\/h3>\t\t\t\t<\/div>\n\t\t\t\t<div class=\"elementor-element elementor-element-126b634 elementor-widget elementor-widget-text-editor\" data-id=\"126b634\" data-element_type=\"widget\" data-e-type=\"widget\" data-widget_type=\"text-editor.default\">\n\t\t\t\t\t\t\t\t\t<h5>\u0627\u0644\u0634\u0631\u0648\u0637 \u0648\u0627\u0644\u0623\u062d\u0643\u0627\u0645<\/h5><p>\u062a\u0646\u0637\u0628\u0642 \u0627\u0644\u0634\u0631\u0648\u0637 \u0648\u0627\u0644\u0623\u062d\u0643\u0627\u0645 \u0627\u0644\u062a\u0627\u0644\u064a\u0629 \u062d\u0635\u0631\u064a\u064b\u0627 \u0639\u0644\u0649 \u0627\u0644\u0645\u0639\u0627\u0645\u0644\u0627\u062a \u0627\u0644\u062a\u062c\u0627\u0631\u064a\u0629 \u0628\u064a\u0646 Combo AG \u0648\u0627\u0644\u0639\u0645\u064a\u0644. \u0648\u062a\u0643\u0648\u0646 \u0644\u0647\u0627 \u0627\u0644\u0623\u0633\u0628\u0642\u064a\u0629 \u0628\u0623\u064a \u062d\u0627\u0644 \u0645\u0646 \u0627\u0644\u0623\u062d\u0648\u0627\u0644 \u0639\u0644\u0649 \u0623\u064a \u0634\u0631\u0648\u0637 \u0648\u0623\u062d\u0643\u0627\u0645 \u0623\u062e\u0631\u0649 \u064a\u0631\u0633\u0644\u0647\u0627 \u0627\u0644\u0639\u0645\u064a\u0644 \u0623\u0648 \u062a\u0631\u062f \u0641\u064a \u0645\u0633\u062a\u0646\u062f\u0627\u062a \u0627\u0644\u0639\u0645\u064a\u0644.<\/p><h5>\u0627\u0644\u0623\u0633\u0639\u0627\u0631<\/h5><p>\u062c\u0645\u064a\u0639 \u0627\u0644\u0623\u0633\u0639\u0627\u0631 \u0628\u0627\u0644\u0641\u0631\u0646\u0643 \u0627\u0644\u0633\u0648\u064a\u0633\u0631\u064a \u0645\u0627 \u0644\u0645 \u064a\u064f\u0630\u0643\u0631 \u062e\u0644\u0627\u0641 \u0630\u0644\u0643. \u0648\u0647\u064a \u0645\u0639\u0631\u0648\u0636\u0629 \u0628\u0634\u0643\u0644 \u0639\u0627\u0645 \u0634\u0627\u0645\u0644\u0629 \u0636\u0631\u064a\u0628\u0629 \u0627\u0644\u0642\u064a\u0645\u0629 \u0627\u0644\u0645\u0636\u0627\u0641\u0629 \u0644\u0639\u0645\u0644\u064a\u0627\u062a \u0627\u0644\u062a\u0633\u0644\u064a\u0645 \u0627\u0644\u0645\u062d\u0644\u064a\u0629 \u0648\u063a\u064a\u0631 \u0634\u0627\u0645\u0644\u0629 \u0636\u0631\u064a\u0628\u0629 \u0627\u0644\u0642\u064a\u0645\u0629 \u0627\u0644\u0645\u0636\u0627\u0641\u0629 \u0644\u0639\u0645\u0644\u064a\u0627\u062a \u0627\u0644\u062a\u0633\u0644\u064a\u0645 \u0641\u064a \u0627\u0644\u062e\u0627\u0631\u062c. \u062c\u0645\u064a\u0639 \u0627\u0644\u0623\u0633\u0639\u0627\u0631 \u0647\u064a \u0623\u0633\u0639\u0627\u0631 \u0627\u0633\u062a\u0631\u0634\u0627\u062f\u064a\u0629 \u0648\u062c\u0645\u064a\u0639 \u0627\u0644\u0623\u0633\u0639\u0627\u0631 \u0647\u064a \u0623\u0633\u0639\u0627\u0631 \u0627\u0633\u062a\u0631\u0634\u0627\u062f\u064a\u0629\u060c \u0648\u0644\u0627 \u064a\u0633\u0631\u064a \u0639\u0631\u0636 \u0627\u0644\u0623\u0633\u0639\u0627\u0631 \u0627\u0644\u0623\u062e\u064a\u0631 \u0641\u0642\u0637 \u0644\u0645\u062f\u0629 30 \u064a\u0648\u0645\u0627\u064b \u0623\u0648 \u0645\u0627 \u0644\u0645 \u064a\u064f\u0630\u0643\u0631 \u062e\u0644\u0627\u0641 \u0630\u0644\u0643 \u0641\u064a \u0639\u0631\u0636 \u0627\u0644\u0623\u0633\u0639\u0627\u0631\u060c \u0645\u0627 \u0644\u0645 \u062a\u0643\u0646 \u0647\u0646\u0627\u0643 \u0623\u062e\u0637\u0627\u0621 \u0641\u064a \u0627\u0644\u0637\u0628\u0627\u0639\u0629 \u0623\u0648 \u0627\u0644\u0637\u0628\u0627\u0639\u0629 \u0623\u0648 \u0627\u0644\u062d\u0633\u0627\u0628.<\/p><h5>\u0639\u0645\u0644\u064a\u0627\u062a \u0627\u0644\u062a\u0633\u0644\u064a\u0645<\/h5><p>\u0631\u0633\u0648\u0645 \u0627\u0644\u0628\u0631\u064a\u062f \u0648\u0627\u0644\u062a\u063a\u0644\u064a\u0641 \u0645\u062c\u0627\u0646\u064a\u0629 \u0644\u0639\u0645\u0644\u064a\u0627\u062a \u0627\u0644\u062a\u0648\u0635\u064a\u0644 \u0627\u0644\u0645\u062d\u0644\u064a\u0629 \u0644\u0623\u062f\u0648\u0627\u062a \u0627\u0644\u0639\u0644\u0627\u062c. \u0628\u0627\u0644\u0646\u0633\u0628\u0629 \u0644\u0639\u0645\u0644\u064a\u0627\u062a \u0627\u0644\u062a\u0633\u0644\u064a\u0645 \u0641\u064a \u0627\u0644\u062e\u0627\u0631\u062c\u060c \u064a\u062a\u0645 \u062a\u062d\u0635\u064a\u0644 \u0631\u0633\u0648\u0645 \u0627\u0644\u0628\u0631\u064a\u062f \u0641\u0642\u0637. \u0644\u0627 \u064a\u0645\u0643\u0646 \u062a\u0642\u062f\u064a\u0645 \u0623\u064a \u0645\u0637\u0627\u0644\u0628\u0627\u062a \u0628\u0627\u0644\u062a\u0639\u0648\u064a\u0636 \u0639\u0646 \u0627\u0644\u0623\u0636\u0631\u0627\u0631 \u0627\u0644\u0646\u0627\u062c\u0645\u0629 \u0639\u0646 \u062e\u0633\u0627\u0631\u0629 \u0627\u0644\u0623\u0631\u0628\u0627\u062d \u0623\u0648 \u062a\u0639\u0637\u0644 \u0627\u0644\u0623\u0639\u0645\u0627\u0644 \u0623\u0648 \u0623\u064a \u062e\u0633\u0627\u0631\u0629 \u0645\u0627\u0644\u064a\u0629 \u0623\u062e\u0631\u0649 \u0636\u062f \u0634\u0631\u0643\u0629 Combo AG \u0628\u0633\u0628\u0628 \u0627\u0644\u062a\u0623\u062e\u0631 \u0641\u064a \u0627\u0644\u062a\u0633\u0644\u064a\u0645.<\/p><h5>\u0637\u0631\u0627\u0626\u0642 \u0627\u0644\u062f\u0641\u0639<\/h5><p>\u0628\u0627\u0644\u0646\u0633\u0628\u0629 \u0644\u0644\u0639\u0645\u0644\u0627\u0621 \u0645\u0646 \u0627\u0644\u062e\u0627\u0631\u062c\u060c \u0644\u0646 \u064a\u062a\u0645 \u062a\u0646\u0641\u064a\u0630 \u0627\u0644\u0637\u0644\u0628\u0627\u062a \u0625\u0644\u0627 \u0625\u0630\u0627 \u062a\u0645 \u062a\u062d\u0648\u064a\u0644 \u0627\u0644\u0645\u0628\u0644\u063a \u0627\u0644\u0645\u0633\u062a\u062d\u0642 \u0625\u0644\u0649 \u062d\u0633\u0627\u0628\u0646\u0627 \u0645\u0642\u062f\u0645\u064b\u0627.<\/p><h5>\u0634\u0631\u0648\u0637 \u0627\u0644\u0636\u0645\u0627\u0646<\/h5><p>\u062a\u062a\u0639\u0647\u062f \u0634\u0631\u0643\u0629 Combo AG \u0628\u0625\u0635\u0644\u0627\u062d \u062c\u0645\u064a\u0639 \u0627\u0644\u0639\u064a\u0648\u0628 \u0627\u0644\u062a\u064a \u062a\u064f\u0639\u0632\u0649 \u0625\u0644\u0649 \u0639\u064a\u0648\u0628 \u0645\u0627\u062f\u064a\u0629 \u0623\u0648 \u0639\u064a\u0648\u0628 \u0641\u064a \u0627\u0644\u062a\u0635\u0646\u064a\u0639. \u064a\u063a\u0637\u064a \u0627\u0644\u0636\u0645\u0627\u0646 \u0625\u0635\u0644\u0627\u062d \u0627\u0644\u0623\u062f\u0627\u0629 \u0645\u062c\u0627\u0646\u0627\u064b \u0623\u0648 \u0627\u0633\u062a\u0628\u062f\u0627\u0644 \u0627\u0644\u0623\u062c\u0632\u0627\u0621 \u0627\u0644\u0645\u0639\u064a\u0628\u0629 \u0645\u062c\u0627\u0646\u0627\u064b. \u062a\u064f\u0633\u062a\u062b\u0646\u0649 \u0645\u0637\u0627\u0644\u0628\u0627\u062a \u0627\u0644\u0625\u0644\u063a\u0627\u0621 \u0648\u062a\u062e\u0641\u064a\u0636 \u0627\u0644\u0633\u0639\u0631 \u0648\u0627\u0633\u062a\u0628\u062f\u0627\u0644 \u0627\u0644\u0623\u062f\u0627\u0629 \u0648\u0627\u0633\u062a\u0631\u062f\u0627\u062f \u0627\u0644\u062a\u0643\u0627\u0644\u064a\u0641 \u0641\u064a \u062d\u0627\u0644\u0629 \u0625\u0635\u0644\u0627\u062d \u0627\u0644\u0623\u0636\u0631\u0627\u0631 \u0645\u0646 \u0642\u0628\u0644 \u0623\u0637\u0631\u0627\u0641 \u062b\u0627\u0644\u062b\u0629 \u062f\u0648\u0646 \u0645\u0648\u0627\u0641\u0642\u062a\u0646\u0627 \u0627\u0644\u062e\u0637\u064a\u0629\u060c \u0648\u0623\u062e\u064a\u0631\u064b\u0627 \u0627\u0644\u062a\u0639\u0648\u064a\u0636 \u0639\u0646 \u0627\u0644\u0623\u0636\u0631\u0627\u0631 \u0627\u0644\u062a\u064a \u062a\u0632\u064a\u062f \u0639\u0646 \u0627\u0633\u062a\u0628\u062f\u0627\u0644 \u0627\u0644\u062c\u0632\u0621 \u0627\u0644\u0645\u0639\u064a\u0628.<\/p><p>\u0633\u064a\u062a\u0645 \u0627\u062d\u062a\u0633\u0627\u0628 \u062a\u0643\u0627\u0644\u064a\u0641 \u0627\u0644\u0633\u0641\u0631 \u0648\u0627\u0644\u0634\u062d\u0646 \u0625\u0644\u0649 \u0627\u0644\u0639\u0645\u064a\u0644.<\/p><p>\u064a\u062c\u0628 \u0623\u0646 \u062a\u0643\u0648\u0646 \u0627\u0644\u0641\u0627\u062a\u0648\u0631\u0629 \u0623\u0648 \u0645\u0630\u0643\u0631\u0629 \u0627\u0644\u062a\u0633\u0644\u064a\u0645 \u0645\u0646 Combo AG\u060c \u0627\u0644\u062a\u064a \u064a\u062c\u0628 \u0623\u0646 \u064a\u0643\u0648\u0646 \u062a\u0627\u0631\u064a\u062e \u0627\u0644\u0634\u0631\u0627\u0621 \u0648\u0627\u0644\u0637\u0631\u0627\u0632 \u0645\u0633\u062c\u0644\u0627\u064b \u0639\u0644\u064a\u0647\u0627\u060c \u0628\u0645\u062b\u0627\u0628\u0629 \u062f\u0644\u064a\u0644 \u0639\u0644\u0649 \u0645\u0637\u0627\u0644\u0628\u0629 \u0627\u0644\u0636\u0645\u0627\u0646.<\/p><p>\u0644\u0627 \u064a\u0633\u0631\u064a \u0627\u0644\u0636\u0645\u0627\u0646 \u0639\u0644\u0649 \u0627\u0644\u0623\u062c\u0632\u0627\u0621 \u0627\u0644\u062a\u064a \u062a\u062a\u0639\u0631\u0636 \u0644\u0644\u0628\u0644\u0649 \u0627\u0644\u0637\u0628\u064a\u0639\u064a \u0623\u0648 \u0627\u0644\u0623\u0639\u0637\u0627\u0644 \u0627\u0644\u0646\u0627\u062c\u0645\u0629 \u0639\u0646 \u0627\u0644\u062a\u0634\u063a\u064a\u0644 \u0623\u0648 \u0627\u0644\u0627\u0633\u062a\u062e\u062f\u0627\u0645 \u063a\u064a\u0631 \u0627\u0644\u0633\u0644\u064a\u0645\u060c \u0645\u062b\u0644 \u0627\u0644\u0625\u064a\u062c\u0627\u0631 \u0623\u0648 \u0627\u0644\u0645\u0624\u062b\u0631\u0627\u062a \u0627\u0644\u062e\u0627\u0631\u062c\u064a\u0629.\u00a0<strong>\u0648\u0639\u0644\u0627\u0648\u0629 \u0639\u0644\u0649 \u0630\u0644\u0643\u060c \u064a\u0644\u062a\u0632\u0645 \u0627\u0644\u0645\u0633\u062a\u062e\u062f\u0645 \u0628\u0625\u062e\u0636\u0627\u0639 \u062c\u0645\u064a\u0639 \u0627\u0644\u0623\u062c\u0632\u0627\u0621 \u0627\u0644\u0645\u062a\u062d\u0631\u0643\u0629 \u0648\u0627\u0644\u0628\u0631\u0627\u063a\u064a \u0648\u0627\u0644\u0645\u0633\u0627\u0645\u064a\u0631 \u0644\u0627\u062e\u062a\u0628\u0627\u0631 \u062a\u0622\u0643\u0644 \u0645\u0646\u0627\u0633\u0628 \u0639\u0644\u0649 \u0641\u062a\u0631\u0627\u062a \u0645\u0646\u062a\u0638\u0645\u0629 \u0645\u062f\u062a\u0647\u0627 \u0623\u0633\u0628\u0648\u0639 \u0648\u0627\u062d\u062f\u061b \u0648\u0633\u064a\u0624\u062f\u064a \u0639\u062f\u0645 \u0627\u0644\u0642\u064a\u0627\u0645 \u0628\u0630\u0644\u0643 \u0625\u0644\u0649 \u0641\u0642\u062f\u0627\u0646 \u0623\u064a \u0645\u0637\u0627\u0644\u0628\u0629 \u0628\u0625\u0635\u0644\u0627\u062d \u0627\u0644\u0623\u0636\u0631\u0627\u0631 \u0627\u0644\u0644\u0627\u062d\u0642\u0629<\/strong>.<\/p><p>\u0625\u0630\u0627 \u062a\u0645 \u062a\u0646\u0641\u064a\u0630 \u0627\u0644\u0625\u0635\u0644\u0627\u062d\u0627\u062a \u0623\u0648 \u0645\u062d\u0627\u0648\u0644\u0627\u062a \u0627\u0644\u0625\u0635\u0644\u0627\u062d \u0645\u0646 \u0642\u0628\u0644 \u0623\u0637\u0631\u0627\u0641 \u0623\u062e\u0631\u0649 \u063a\u064a\u0631 \u0634\u0631\u0643\u0629 Combo AG\u060c \u062a\u0633\u0642\u0637 \u0645\u0637\u0627\u0644\u0628\u0629 \u0627\u0644\u0636\u0645\u0627\u0646.<\/p><p>\u062a\u0645\u0646\u062d \u0634\u0631\u0643\u0629 Combo AG \u0636\u0645\u0627\u0646\u064b\u0627 \u0644\u0645\u062f\u0629 24 \u0634\u0647\u0631\u064b\u0627 - \u062d\u062a\u0649 \u0644\u0644\u0627\u0633\u062a\u062e\u062f\u0627\u0645 \u0627\u0644\u062a\u062c\u0627\u0631\u064a (\u0628\u0627\u0633\u062a\u062b\u0646\u0627\u0621 GIGER MD\u00ae Combofit) - \u0645\u062d\u0633\u0648\u0628\u064b\u0627 \u0645\u0646 \u062a\u0627\u0631\u064a\u062e \u062a\u0633\u0644\u064a\u0645 \u0627\u0644\u062c\u0647\u0627\u0632 \u0627\u0644\u062c\u062f\u064a\u062f \u062a\u0645\u0627\u0645\u064b\u0627.<\/p><h5>\u0627\u0644\u0627\u0633\u062a\u062e\u062f\u0627\u0645 \u0627\u0644\u0645\u0646\u0627\u0633\u0628 \u0644\u0644\u0634\u064a\u0621 \u0645\u0648\u0636\u0648\u0639 \u0627\u0644\u0627\u0634\u062a\u0631\u0627\u0621<\/h5><p>\u0625\u0630\u0627 \u0644\u0645 \u064a\u064f\u0630\u0643\u0631 \u0635\u0631\u0627\u062d\u0629\u064b \u0641\u064a \u0645\u0633\u062a\u0646\u062f\u0627\u062a \u0627\u0644\u062a\u0633\u0644\u064a\u0645 \u0623\u0646 \u0627\u0644\u062c\u0647\u0627\u0632 \u0645\u062e\u0635\u0635 \u201e\u0644\u0644\u0645\u0633\u062a\u062e\u062f\u0645\u064a\u0646 \u0627\u0644\u0645\u062d\u062a\u0631\u0641\u064a\u0646\u201c\u060c \u0648\u0628\u0627\u0644\u062a\u0627\u0644\u064a \u064a\u0643\u0648\u0646 \u062a\u0631\u062e\u064a\u0635 \u0627\u0644\u0639\u0644\u0627\u062c \u0627\u0644\u0639\u0627\u0645 \u0645\u062a\u0645\u0627\u0633\u0643\u064b\u0627 \u0645\u0639 \u0627\u0644\u062c\u0647\u0627\u0632\u060c \u0641\u0647\u0648 \u0645\u062c\u0631\u062f \u062a\u0631\u062e\u064a\u0635 \u062e\u0627\u0635 \u0644\u0627\u0633\u062a\u062e\u062f\u0627\u0645 \u062c\u0647\u0627\u0632 \u0627\u0644\u0639\u0644\u0627\u062c \u0644\u0644\u0627\u0633\u062a\u062e\u062f\u0627\u0645 \u0627\u0644\u062e\u0627\u0635. \u064a\u062d\u0638\u0631 \u0627\u0644\u0627\u0633\u062a\u062e\u062f\u0627\u0645 \u0627\u0644\u062a\u062c\u0627\u0631\u064a \u0644\u0644\u0645\u0639\u062f\u0627\u062a \u0641\u064a \u0647\u0630\u0647 \u0627\u0644\u062d\u0627\u0644\u0629\u060c \u062d\u064a\u062b \u0623\u0646 \u0627\u0644\u0639\u0644\u0627\u062c \u0627\u0644\u062a\u062c\u0627\u0631\u064a \u0644\u0644\u0645\u0631\u0636\u0649 \u064a\u062a\u0637\u0644\u0628 \u062f\u0627\u0626\u0645\u0627\u064b \u062a\u062f\u0631\u064a\u0628\u0627\u064b \u0645\u0646\u0627\u0633\u0628\u0627\u064b \u0645\u0646 \u0642\u0628\u0644 \u0627\u0644\u0634\u0631\u0643\u0629 \u0627\u0644\u0645\u0635\u0646\u0639\u0629 \u0648\u0645\u0639\u062f\u0627\u062a \u0627\u062d\u062a\u0631\u0627\u0641\u064a\u0629.<\/p><p>\u0628\u0627\u0644\u0625\u0636\u0627\u0641\u0629 \u0625\u0644\u0649 \u0630\u0644\u0643\u060c \u064a\u062d\u0638\u0631 \u0647\u0630\u0627 \u0627\u0644\u062a\u0631\u062e\u064a\u0635 \u0628\u0634\u0643\u0644 \u0635\u0627\u0631\u0645 \u0639\u0644\u0649 \u0627\u0644\u0645\u0631\u062e\u064e\u0651\u0635 \u0644\u0647 \u0625\u062c\u0631\u0627\u0621 \u0623\u064a \u062a\u0639\u062f\u064a\u0644\u0627\u062a \u0623\u0648 \u062a\u063a\u064a\u064a\u0631\u0627\u062a \u0639\u0644\u0649 \u0623\u062f\u0648\u0627\u062a GIGER MD\u00ae \u062f\u0648\u0646 \u0645\u0648\u0627\u0641\u0642\u0629 \u062e\u0637\u064a\u0629 \u0645\u0646 \u0627\u0644\u0645\u0631\u062e\u0650\u0651\u0635.<\/p><p>\u0645\u0627 \u0644\u0645 \u064a\u062a\u0645 \u0627\u0644\u0627\u062a\u0641\u0627\u0642 \u0639\u0644\u0649 \u062e\u0644\u0627\u0641 \u0630\u0644\u0643 \u0643\u062a\u0627\u0628\u064a\u064b\u0627\u060c \u0641\u0625\u0646 \u0627\u0644\u062a\u0631\u062e\u064a\u0635 \u0627\u0644\u0645\u0645\u0646\u0648\u062d \u0644\u0644\u0645\u0634\u062a\u0631\u064a \u0647\u0648 \u062a\u0631\u062e\u064a\u0635 \u063a\u064a\u0631 \u062d\u0635\u0631\u064a \u0648\u063a\u064a\u0631 \u0642\u0627\u0628\u0644 \u0644\u0644\u062a\u062d\u0648\u064a\u0644\u060c \u0648\u0644\u0627 \u064a\u064f\u0633\u0645\u062d \u0644\u0644\u0645\u0631\u062e\u0635 \u0644\u0647 \u0628\u0625\u062c\u0631\u0627\u0621 \u0623\u064a \u062a\u0639\u062f\u064a\u0644\u0627\u062a \u0639\u0644\u0649 \u0623\u062f\u0627\u0629 GIGER MD Therapy.<\/p><h5>\u0645\u0646\u062a\u062c\u0627\u062a \u0627\u0644\u0628\u0631\u0645\u062c\u064a\u0627\u062a \u0648\u0627\u0644\u062f\u0631\u0627\u064a\u0629 \u0627\u0644\u0641\u0646\u064a\u0629<\/h5><p>\u0644\u0627 \u064a\u062c\u0648\u0632 \u0627\u0633\u062a\u062e\u062f\u0627\u0645 \u0627\u0644\u0645\u0646\u062a\u062c \u0627\u0644\u0628\u0631\u0645\u062c\u064a \u0644\u0623\u062f\u0648\u0627\u062a GIGER MD\u00ae \u0648\u0627\u0644\u062f\u0631\u0627\u064a\u0629 \u0627\u0644\u0641\u0646\u064a\u0629 \u0625\u0644\u0627 \u0641\u064a \u0646\u0637\u0627\u0642 \u0627\u062a\u0641\u0627\u0642\u064a\u0629 \u0627\u0644\u062a\u0631\u062e\u064a\u0635 \u0630\u0627\u062a \u0627\u0644\u0635\u0644\u0629.<\/p><h5>\u0625\u062e\u0644\u0627\u0621 \u0627\u0644\u0645\u0633\u0624\u0648\u0644\u064a\u0629<\/h5><p>\u062a\u062d\u062a\u0641\u0638 \u0634\u0631\u0643\u0629 Combo AG \u0628\u062d\u0642\u0647\u0627 \u0641\u064a \u0627\u0644\u062a\u0646\u0627\u0632\u0644 \u0639\u0646 \u0623\u064a \u0645\u0633\u0624\u0648\u0644\u064a\u0629 \u0641\u064a \u062d\u0627\u0644\u0629 \u0639\u062f\u0645 \u0627\u0644\u0627\u0645\u062a\u062b\u0627\u0644 \u0644\u062a\u0639\u0644\u064a\u0645\u0627\u062a \u0627\u0644\u062a\u0634\u063a\u064a\u0644 \u0648\u0627\u0644\u062a\u0639\u0644\u064a\u0645\u0627\u062a \u0627\u0644\u0639\u0627\u0645\u0629 \u0648\u0643\u0630\u0644\u0643 \u0627\u0644\u0627\u0633\u062a\u062e\u062f\u0627\u0645 \u063a\u064a\u0631 \u0627\u0644\u0633\u0644\u064a\u0645 \u0644\u0623\u062f\u0648\u0627\u062a GIGER MD\u00ae.<\/p><h5>\u0627\u0644\u0642\u0627\u0646\u0648\u0646 \u0627\u0644\u0648\u0627\u062c\u0628 \u0627\u0644\u062a\u0637\u0628\u064a\u0642 \u0648\u0645\u0643\u0627\u0646 \u0627\u0644\u0627\u062e\u062a\u0635\u0627\u0635 \u0627\u0644\u0642\u0636\u0627\u0626\u064a \u0648\u0627\u0644\u062a\u0639\u062f\u064a\u0644\u0627\u062a<\/h5><p>\u062a\u062e\u0636\u0639 \u0647\u0630\u0647 \u0627\u0644\u0627\u062a\u0641\u0627\u0642\u064a\u0629 \u0623\u0648 \u0627\u0644\u0625\u0639\u0644\u0627\u0646 \u062d\u0635\u0631\u064a\u0627\u064b \u0644\u0644\u0642\u0627\u0646\u0648\u0646 \u0627\u0644\u0633\u0648\u064a\u0633\u0631\u064a. \u0645\u0643\u0627\u0646 \u0627\u0644\u062a\u062d\u0635\u064a\u0644 \u0648\u0645\u0643\u0627\u0646 \u0627\u0644\u0627\u062e\u062a\u0635\u0627\u0635 \u0627\u0644\u0642\u0636\u0627\u0626\u064a \u0627\u0644\u062d\u0635\u0631\u064a \u0644\u062c\u0645\u064a\u0639 \u0627\u0644\u0645\u0646\u0627\u0632\u0639\u0627\u062a \u0627\u0644\u062a\u064a \u062a\u0646\u0634\u0623 \u0641\u064a\u0645\u0627 \u064a\u062a\u0639\u0644\u0642 \u0628\u0647\u0630\u0647 \u0627\u0644\u0627\u062a\u0641\u0627\u0642\u064a\u0629 \u0623\u0648 \u0627\u0644\u0625\u0639\u0644\u0627\u0646 \u0647\u0648 \u0627\u0644\u0645\u0643\u062a\u0628 \u0627\u0644\u0645\u0633\u062c\u0644 \u0644\u0634\u0631\u0643\u0629 Combo AG. \u0648\u0645\u0639 \u0630\u0644\u0643\u060c \u0641\u0625\u0646 \u0647\u0630\u0647 \u0627\u0644\u0634\u0631\u0643\u0629 \u0645\u062e\u0648\u0644\u0629 \u0623\u064a\u0636\u064b\u0627 \u0628\u062a\u0623\u0643\u064a\u062f \u062d\u0642\u0648\u0642\u0647\u0627 \u0641\u064a \u0645\u0648\u0637\u0646 \u0627\u0644\u0639\u0645\u064a\u0644 \u0623\u0648 \u0623\u0645\u0627\u0645 \u0623\u064a \u0633\u0644\u0637\u0629 \u0645\u062e\u062a\u0635\u0629 \u0623\u062e\u0631\u0649 \u0648\u0623\u064a\u0636\u064b\u0627 \u0627\u062e\u062a\u064a\u0627\u0631 \u0627\u0644\u0642\u0627\u0646\u0648\u0646 \u0627\u0644\u0648\u0637\u0646\u064a \u0627\u0644\u0645\u0639\u0645\u0648\u0644 \u0628\u0647. \u064a\u062c\u0628 \u0625\u062c\u0631\u0627\u0621 \u062c\u0645\u064a\u0639 \u0627\u0644\u062a\u063a\u064a\u064a\u0631\u0627\u062a \u0627\u0644\u0645\u062a\u0639\u0644\u0642\u0629 \u0628\u0647\u0630\u0647 \u0627\u0644\u0634\u0631\u0648\u0637 \u0648\u0627\u0644\u0623\u062d\u0643\u0627\u0645 \u0627\u0644\u0639\u0627\u0645\u0629 \u0643\u062a\u0627\u0628\u0629\u064b.<\/p><h5>\u0635\u064a\u0627\u0646\u0629 \u0627\u0644\u0645\u0648\u0642\u0639 \u0627\u0644\u0625\u0644\u0643\u062a\u0631\u0648\u0646\u064a<\/h5><p>\u062a\u062a\u0648\u0644\u0649 \u0634\u0631\u0643\u0629 Codemenschen Gmbh \u0635\u064a\u0627\u0646\u0629 \u0627\u0644\u0645\u0648\u0642\u0639 \u0627\u0644\u0625\u0644\u0643\u062a\u0631\u0648\u0646\u064a \u0644\u0640 WordPress<\/p><p>\u062a\u0637\u0648\u064a\u0631 \u0648\u0648\u0631\u062f\u0628\u0631\u064a\u0633 \u0628\u0648\u0627\u0633\u0637\u0629 Codemenschen Gmbh<\/p><p>\u062a\u0633\u0648\u064a\u0629 \u0627\u0644\u0645\u0646\u0627\u0632\u0639\u0627\u062a: \u0646\u062d\u0646 \u0644\u0633\u0646\u0627 \u0645\u0633\u062a\u0639\u062f\u064a\u0646 \u0623\u0648 \u0645\u0644\u0632\u0645\u064a\u0646 \u0628\u0627\u0644\u0645\u0634\u0627\u0631\u0643\u0629 \u0641\u064a \u0625\u062c\u0631\u0627\u0621\u0627\u062a \u062a\u0633\u0648\u064a\u0629 \u0627\u0644\u0645\u0646\u0627\u0632\u0639\u0627\u062a \u0623\u0645\u0627\u0645 \u0647\u064a\u0626\u0629 \u062a\u062d\u0643\u064a\u0645 \u0627\u0644\u0645\u0633\u062a\u0647\u0644\u0643\u064a\u0646.<\/p><h5>\u0645\u0639\u0644\u0648\u0645\u0627\u062a \u062d\u0642\u0648\u0642 \u0627\u0644\u0637\u0628\u0639 \u0648\u0627\u0644\u0646\u0634\u0631<\/h5><p>\u062d\u0642\u0648\u0642 \u0627\u0644\u0646\u0634\u0631 \u0645\u062d\u0641\u0648\u0638\u0629 \u00a9 2026 \u0643\u0648\u0645\u0628\u0648 AG - CH-Lommiswil<\/p><p>GIGER MD\u00ae\u060c GIGERMD\u00ae\u060c GIGERMD\u00ae\u060c GIGER\u00ae \u0647\u064a \u0639\u0644\u0627\u0645\u0629 \u062a\u062c\u0627\u0631\u064a\u0629 \u0645\u0633\u062c\u0644\u0629.<\/p><p>CAPM \u00a9<\/p><p>\u062c\u0645\u064a\u0639 \u0627\u0644\u062d\u0642\u0648\u0642 \u0645\u062d\u0641\u0648\u0638\u0629 \u00a9 1992\/2026.<\/p><p>\u0648\u0644\u0627 \u0633\u064a\u0645\u0627 \u0642\u0627\u0646\u0648\u0646 \u062d\u0642\u0648\u0642 \u0627\u0644\u0646\u0634\u0631 \u0648\u0642\u0627\u0646\u0648\u0646 \u0645\u0643\u0627\u0641\u062d\u0629 \u0627\u0644\u0645\u0646\u0627\u0641\u0633\u0629 \u063a\u064a\u0631 \u0627\u0644\u0639\u0627\u062f\u0644\u0629.<\/p><p>\u0628\u0631\u0627\u0621\u0629 \u0627\u062e\u062a\u0631\u0627\u0639 \u0641\u064a \u0627\u0644\u0648\u0644\u0627\u064a\u0627\u062a \u0627\u0644\u0645\u062a\u062d\u062f\u0629 \u0627\u0644\u0623\u0645\u0631\u064a\u0643\u064a\u0629.<\/p><p>\u0633\u062a\u062a\u0645 \u0645\u0642\u0627\u0636\u0627\u0629 \u0645\u0646 \u064a\u0646\u062a\u0647\u0643 \u0647\u0630\u0647 \u0627\u0644\u062d\u0642\u0648\u0642 \u0628\u0645\u0648\u062c\u0628 \u0627\u0644\u0642\u0627\u0646\u0648\u0646 \u0627\u0644\u0645\u062f\u0646\u064a \u0648\u0627\u0644\u062c\u0646\u0627\u0626\u064a.<\/p>\t\t\t\t\t\t\t\t<\/div>\n\t\t\t\t<\/div>\n\t\t\t\t\t<\/div>\n\t\t\t\t<\/div>\n\t\t\t\t<\/div>","protected":false},"excerpt":{"rendered":"<p>Allgemeine Gesch\u00e4ftsbedingungen Combo AG, Medizintechnik GIGER MD\u00ae Konditionen F\u00fcr den Gesch\u00e4ftsverkehr zwischen der Combo AG und dem Besteller gelten ausschliesslich die nachstehenden Bedingungen. Sie gehen anderslautenden Konditionen, die vom Besteller \u00fcbersandt wurden oder sich auf dessen Schriftst\u00fcck befinden, in jedem Falle vor. Preise S\u00e4mtliche Preise sind, wo nicht anders angegeben, in Schweizer Franken ausgedr\u00fcckt. Sie [&hellip;]<\/p>\n","protected":false},"author":1,"featured_media":0,"parent":0,"menu_order":0,"comment_status":"closed","ping_status":"closed","template":"","meta":{"inline_featured_image":false,"footnotes":""},"class_list":["post-514","page","type-page","status-publish","hentry"],"_links":{"self":[{"href":"https:\/\/www.parkinson-hotline.com\/ar\/wp-json\/wp\/v2\/pages\/514","targetHints":{"allow":["GET"]}}],"collection":[{"href":"https:\/\/www.parkinson-hotline.com\/ar\/wp-json\/wp\/v2\/pages"}],"about":[{"href":"https:\/\/www.parkinson-hotline.com\/ar\/wp-json\/wp\/v2\/types\/page"}],"author":[{"embeddable":true,"href":"https:\/\/www.parkinson-hotline.com\/ar\/wp-json\/wp\/v2\/users\/1"}],"replies":[{"embeddable":true,"href":"https:\/\/www.parkinson-hotline.com\/ar\/wp-json\/wp\/v2\/comments?post=514"}],"version-history":[{"count":12,"href":"https:\/\/www.parkinson-hotline.com\/ar\/wp-json\/wp\/v2\/pages\/514\/revisions"}],"predecessor-version":[{"id":66746,"href":"https:\/\/www.parkinson-hotline.com\/ar\/wp-json\/wp\/v2\/pages\/514\/revisions\/66746"}],"wp:attachment":[{"href":"https:\/\/www.parkinson-hotline.com\/ar\/wp-json\/wp\/v2\/media?parent=514"}],"curies":[{"name":"wp","href":"https:\/\/api.w.org\/{rel}","templated":true}]}}