{"id":514,"date":"2016-04-21T15:03:54","date_gmt":"2016-04-21T13:03:54","guid":{"rendered":"http:\/\/www.gigermd.com\/?page_id=514"},"modified":"2026-03-09T08:49:48","modified_gmt":"2026-03-09T07:49:48","slug":"autorioiguse-tingimused","status":"publish","type":"page","link":"https:\/\/www.parkinson-hotline.com\/et\/agb-copyright\/","title":{"rendered":"AGB\/Copyight"},"content":{"rendered":"<div data-elementor-type=\"wp-page\" data-elementor-id=\"514\" class=\"elementor elementor-514\" data-elementor-post-type=\"page\">\n\t\t\t\t<div class=\"elementor-element elementor-element-7eaeaa5e e-flex e-con-boxed e-con e-parent\" data-id=\"7eaeaa5e\" data-element_type=\"container\" data-e-type=\"container\" data-settings=\"{&quot;background_background&quot;:&quot;classic&quot;}\">\n\t\t\t\t\t<div class=\"e-con-inner\">\n\t\t<div class=\"elementor-element elementor-element-a5166d2 e-con-full e-flex e-con e-child\" data-id=\"a5166d2\" data-element_type=\"container\" data-e-type=\"container\">\n\t\t\t\t<div class=\"elementor-element elementor-element-1f809b6 elementor-widget elementor-widget-heading\" data-id=\"1f809b6\" data-element_type=\"widget\" data-e-type=\"widget\" data-widget_type=\"heading.default\">\n\t\t\t\t\t<h2 class=\"elementor-heading-title elementor-size-default\">\u00dcldtingimused<\/h2>\t\t\t\t<\/div>\n\t\t\t\t<div class=\"elementor-element elementor-element-c31b970 elementor-widget elementor-widget-heading\" data-id=\"c31b970\" data-element_type=\"widget\" data-e-type=\"widget\" data-widget_type=\"heading.default\">\n\t\t\t\t\t<h3 class=\"elementor-heading-title elementor-size-default\">Combo AG, meditsiinitehnoloogia GIGER MD\u00ae<\/h3>\t\t\t\t<\/div>\n\t\t\t\t<div class=\"elementor-element elementor-element-126b634 elementor-widget elementor-widget-text-editor\" data-id=\"126b634\" data-element_type=\"widget\" data-e-type=\"widget\" data-widget_type=\"text-editor.default\">\n\t\t\t\t\t\t\t\t\t<h5>Tingimused<\/h5><p>J\u00e4rgmised tingimused kehtivad ainult Combo AG ja kliendi vaheliste \u00e4ritehingute suhtes. Need on igal juhul \u00fclimuslikud mis tahes muude kliendi poolt saadetud v\u00f5i kliendi dokumentides sisalduvate tingimuste suhtes.<\/p><h5>Hinnad<\/h5><p>Kui ei ole m\u00e4rgitud teisiti, on k\u00f5ik hinnad v\u00e4ljendatud \u0160veitsi frankides. \u00dcldiselt on need n\u00e4idatud koos k\u00e4ibemaksuga kodumaiste tarnete puhul ja ilma k\u00e4ibemaksuta v\u00e4lismaale tarnete puhul. K\u00f5ik hinnad on soovitushinnad ja ainult viimane hinnapakkumine kehtib 30 p\u00e4eva jooksul v\u00f5i kui hinnapakkumisel ei ole m\u00e4rgitud teisiti, v\u00e4lja arvatud juhul, kui tegemist on kirjutus-, tr\u00fcki- v\u00f5i arvutusvigadega.<\/p><h5>Tarned<\/h5><p>Postikulud ja pakend on ravivahendite kohaletoimetamisel riigisiseselt tasuta. V\u00e4lismaale saadetiste puhul tuleb tasuda ainult postikulud. Combo AG vastu ei saa esitada kahjun\u00f5udeid saamata j\u00e4\u00e4nud kasumi, \u00e4ritegevuse katkemise v\u00f5i muu rahalise kahju eest hilinenud tarnete eest.<\/p><h5>Makseviisid<\/h5><p>V\u00e4lismaa klientide puhul t\u00e4idetakse tellimusi ainult siis, kui tasumisele kuuluv summa on eelnevalt meie kontole kantud.<\/p><h5>Garantiitingimused<\/h5><p>Combo AG kohustub parandama k\u00f5ik defektid, mis on tingitud materjali- v\u00f5i tootmisvigadest. Garantii h\u00f5lmab seadme tasuta parandamist v\u00f5i defektsete osade tasuta asendamist. N\u00f5uded t\u00fchistamisele, hinnaalandusele, seadme v\u00e4ljavahetamisele ja kulude h\u00fcvitamisele juhul, kui kahju k\u00f5rvaldavad kolmandad isikud ilma meie kirjaliku n\u00f5usolekuta, ning l\u00f5puks kahju h\u00fcvitamisele, mis \u00fcletab defektse osa v\u00e4ljavahetamist, on v\u00e4listatud.<\/p><p>Kliendile lisanduvad reisi- ja saatmiskulud.<\/p><p>Garantiin\u00f5ude t\u00f5endina kasutatakse Combo AG arvet v\u00f5i saatelehte, millele tuleb m\u00e4rkida ostukuup\u00e4ev ja mudel.<\/p><p>Garantii ei kehti selliste osade kohta, mis alluvad loomulikule kulumisele v\u00f5i vigadele, mis on p\u00f5hjustatud eba\u00f5igest k\u00e4itamisest v\u00f5i kasutamisest, n\u00e4iteks rentimisest v\u00f5i v\u00e4lism\u00f5judest.\u00a0<strong>Lisaks sellele on kasutaja kohustatud regulaarselt \u00fche n\u00e4dala tagant k\u00f5iki liikuvaid osi, kruvisid ja neete piisava kulumiskontrollile allutama; kui ta seda ei tee, kaotab ta igasuguse n\u00f5ude j\u00e4relkahjustuste k\u00f5rvaldamiseks.<\/strong>.<\/p><p>Kui remondit\u00f6id v\u00f5i remondikatset teevad muud isikud kui Combo AG, kaotab garantiin\u00f5ue kehtivuse.<\/p><p>Combo AG annab 24-kuulise garantii - isegi kaubanduslikul eesm\u00e4rgil (v\u00e4lja arvatud GIGER MD\u00ae Combofit) - mis algab uue seadme tarnimise kuup\u00e4evast.<\/p><h5>Ostuobjekti asjakohane kasutamine<\/h5><p>Kui tarnedokumentides ei ole selges\u00f5naliselt m\u00e4rgitud, et seade on m\u00f5eldud \u201eprofessionaalsetele kasutajatele\u201c ja seega on seadmega seotud avalik raviluba, on tegemist ainult eralitsentsiga raviseadme kasutamiseks isiklikuks otstarbeks. Seadme \u00e4riline kasutamine on sellisel juhul keelatud, sest patsientide \u00e4riline ravi eeldab alati n\u00f5uetekohast koolitust tootja poolt ja professionaalset seadet.<\/p><p>Lisaks keelab k\u00e4esolev litsents litsentsisaajal rangelt teha muudatusi v\u00f5i muudatusi GIGER MD\u00ae instrumentides ilma litsentsiandja kirjaliku n\u00f5usolekuta.<\/p><p>Kui kirjalikult ei ole kokku lepitud teisiti, on ostjale antud litsents mitte-eksklusiivne, mitte-\u00fcleantav litsents ja litsentsisaaja ei tohi teha muudatusi GIGER MD teraapiainstrumenti.<\/p><h5>Tarkvaratoode, oskusteave<\/h5><p>GIGER MD\u00ae seadmete tarkvara ja oskusteavet v\u00f5ib kasutada ainult vastava litsentsilepingu raames.<\/p><h5>Vastutusn\u00f5ue<\/h5><p>Combo AG j\u00e4tab endale \u00f5iguse loobuda igasugusest vastutusest kasutusjuhendi ja \u00fcldiste juhiste mittej\u00e4rgimise ning GIGER MD\u00ae seadmete eba\u00f5ige kasutamise korral.<\/p><h5>Kohaldatav \u00f5igus, kohtualluvus ja muudatused<\/h5><p>K\u00e4esoleva lepingu v\u00f5i deklaratsiooni suhtes kohaldatakse eranditult \u0160veitsi \u00f5igust. K\u00e4esoleva lepingu v\u00f5i deklaratsiooniga seoses tekkivate vaidluste t\u00e4itmise koht ja ainup\u00e4devus on Combo AG registrij\u00e4rgne asukoht. Siiski on sellel ettev\u00f5ttel \u00f5igus oma \u00f5igusi ka kliendi asukohas v\u00f5i mis tahes muu p\u00e4deva asutuse ees maksma panna ning samuti valida kohaldatav siseriiklik \u00f5igus. K\u00f5ik k\u00e4esolevate \u00fcldtingimustega seotud muudatused tuleb teha kirjalikult.<\/p><h5>Veebilehe hooldus<\/h5><p>WordPressi veebilehe hooldust teostab Codemenschen Gmbh<\/p><p>WordPress arendus Codemenschen Gmbh poolt<\/p><p>Vaidluste lahendamine: Me ei soovi ega ole kohustatud osalema vaidluste lahendamise menetluses tarbijakohtus.<\/p><h5>Autori\u00f5igusega seotud teave<\/h5><p>Copyright \u00a9 2026 Combo AG - CH-Lommiswil<\/p><p>GIGER MD\u00ae, GIGERMD\u00ae, GIGER\u00ae on registreeritud kaubam\u00e4rk.<\/p><p>CAPM \u00a9<\/p><p>Copyright \u00a9 1992\/2026 K\u00f5ik \u00f5igused kaitstud.<\/p><p>Eelk\u00f5ige autori\u00f5iguse ja k\u00f5lvatu konkurentsi vastu v\u00f5itlemise seadus.<\/p><p>Int. pat. USA pat.<\/p><p>Nende \u00f5iguste rikkumise eest v\u00f5etakse vastutusele tsiviil- ja kriminaal\u00f5iguse alusel.<\/p>\t\t\t\t\t\t\t\t<\/div>\n\t\t\t\t<\/div>\n\t\t\t\t\t<\/div>\n\t\t\t\t<\/div>\n\t\t\t\t<\/div>","protected":false},"excerpt":{"rendered":"<p>Allgemeine Gesch\u00e4ftsbedingungen Combo AG, Medizintechnik GIGER MD\u00ae Konditionen F\u00fcr den Gesch\u00e4ftsverkehr zwischen der Combo AG und dem Besteller gelten ausschliesslich die nachstehenden Bedingungen. Sie gehen anderslautenden Konditionen, die vom Besteller \u00fcbersandt wurden oder sich auf dessen Schriftst\u00fcck befinden, in jedem Falle vor. Preise S\u00e4mtliche Preise sind, wo nicht anders angegeben, in Schweizer Franken ausgedr\u00fcckt. Sie [&hellip;]<\/p>\n","protected":false},"author":1,"featured_media":0,"parent":0,"menu_order":0,"comment_status":"closed","ping_status":"closed","template":"","meta":{"inline_featured_image":false,"footnotes":""},"class_list":["post-514","page","type-page","status-publish","hentry"],"_links":{"self":[{"href":"https:\/\/www.parkinson-hotline.com\/et\/wp-json\/wp\/v2\/pages\/514","targetHints":{"allow":["GET"]}}],"collection":[{"href":"https:\/\/www.parkinson-hotline.com\/et\/wp-json\/wp\/v2\/pages"}],"about":[{"href":"https:\/\/www.parkinson-hotline.com\/et\/wp-json\/wp\/v2\/types\/page"}],"author":[{"embeddable":true,"href":"https:\/\/www.parkinson-hotline.com\/et\/wp-json\/wp\/v2\/users\/1"}],"replies":[{"embeddable":true,"href":"https:\/\/www.parkinson-hotline.com\/et\/wp-json\/wp\/v2\/comments?post=514"}],"version-history":[{"count":12,"href":"https:\/\/www.parkinson-hotline.com\/et\/wp-json\/wp\/v2\/pages\/514\/revisions"}],"predecessor-version":[{"id":66746,"href":"https:\/\/www.parkinson-hotline.com\/et\/wp-json\/wp\/v2\/pages\/514\/revisions\/66746"}],"wp:attachment":[{"href":"https:\/\/www.parkinson-hotline.com\/et\/wp-json\/wp\/v2\/media?parent=514"}],"curies":[{"name":"wp","href":"https:\/\/api.w.org\/{rel}","templated":true}]}}