{"id":64949,"date":"2025-12-26T05:12:47","date_gmt":"2025-12-26T04:12:47","guid":{"rendered":"https:\/\/www.parkinson-hotline.com\/?page_id=64949"},"modified":"2026-03-07T04:30:00","modified_gmt":"2026-03-07T03:30:00","slug":"meist","status":"publish","type":"page","link":"https:\/\/www.parkinson-hotline.com\/et\/ueber-uns\/","title":{"rendered":"Meie kohta"},"content":{"rendered":"<div data-elementor-type=\"wp-page\" data-elementor-id=\"64949\" class=\"elementor elementor-64949\" data-elementor-post-type=\"page\">\n\t\t\t\t<div class=\"elementor-element elementor-element-0309262 e-flex e-con-boxed e-con e-parent\" data-id=\"0309262\" data-element_type=\"container\" data-e-type=\"container\">\n\t\t\t\t\t<div class=\"e-con-inner\">\n\t\t<div class=\"elementor-element elementor-element-822a690 e-con-full e-flex e-con e-child\" data-id=\"822a690\" data-element_type=\"container\" data-e-type=\"container\">\n\t\t\t\t<div class=\"elementor-element elementor-element-542f59e elementor-widget elementor-widget-heading\" data-id=\"542f59e\" data-element_type=\"widget\" data-e-type=\"widget\" data-widget_type=\"heading.default\">\n\t\t\t\t\t<h2 class=\"elementor-heading-title elementor-size-default\">Meist - GIGER\u00ae MD\u00ae teraapia ajalugu: innovatsioon ja kogemused \u00fcle 40 aasta.<\/h2>\t\t\t\t<\/div>\n\t\t\t\t<div class=\"elementor-element elementor-element-2fe9800 elementor-widget elementor-widget-text-editor\" data-id=\"2fe9800\" data-element_type=\"widget\" data-e-type=\"widget\" data-widget_type=\"text-editor.default\">\n\t\t\t\t\t\t\t\t\t<p>Alates <strong>tagasihoidlik algus<\/strong> kuni <strong>t\u00e4nap\u00e4eva teaduslikult p\u00f5hjendatud ravi<\/strong>. Kuna <strong>\u00fcle nelja aastak\u00fcmne <\/strong>oleme p\u00fchendunud <strong>kes on huvitatud neuroloogiliste haigustega inimeste elukvaliteedi parandamisest.<\/strong>. Meie teekonda iseloomustab <strong>Pidevad teadusuuringud, perekondlik p\u00fchendumine<\/strong> ja <strong>vankumatu usk iga inimese potentsiaali kohta<\/strong>.<\/p>\t\t\t\t\t\t\t\t<\/div>\n\t\t\t\t<div class=\"elementor-element elementor-element-1ca387d elementor-widget elementor-widget-heading\" data-id=\"1ca387d\" data-element_type=\"widget\" data-e-type=\"widget\" data-widget_type=\"heading.default\">\n\t\t\t\t\t<h3 class=\"elementor-heading-title elementor-size-default\">Visioon ja missioon<\/h3>\t\t\t\t<\/div>\n\t\t\t\t<div class=\"elementor-element elementor-element-c66cc8c elementor-widget elementor-widget-text-editor\" data-id=\"c66cc8c\" data-element_type=\"widget\" data-e-type=\"widget\" data-widget_type=\"text-editor.default\">\n\t\t\t\t\t\t\t\t\t<p>Meie <strong>Visioon<\/strong> on maailm, kus <strong>Neuroloogiliste probleemidega inimesed<\/strong> l\u00e4bi<strong> Uuenduslikud terapeutilised l\u00e4henemisviisid<\/strong> saavad oma potentsiaali t\u00e4ielikult realiseerida. Meie eesm\u00e4rk on, <strong>GIGER\u00ae MD\u00ae teraapia kui juhtiva<\/strong>,<strong> Teaduslikult valideeritud meetod<\/strong> luua, <strong>patsientidele kogu maailmas lootust, edusamme ja paremat elukvaliteeti<\/strong> pakkumised.<\/p>\t\t\t\t\t\t\t\t<\/div>\n\t\t<div class=\"elementor-element elementor-element-2271b3d e-con-full e-flex e-con e-child\" data-id=\"2271b3d\" data-element_type=\"container\" data-e-type=\"container\">\n\t\t\t\t<div class=\"elementor-element elementor-element-8ba523f elementor-widget elementor-widget-image\" data-id=\"8ba523f\" data-element_type=\"widget\" data-e-type=\"widget\" data-widget_type=\"image.default\">\n\t\t\t\t\t\t\t\t\t\t\t\t\t\t\t\t<a href=\"https:\/\/www.parkinson-hotline.com\/et\/therapie\/\">\n\t\t\t\t\t\t\t<img fetchpriority=\"high\" decoding=\"async\" width=\"1024\" height=\"682\" src=\"https:\/\/www.parkinson-hotline.com\/wp-content\/uploads\/2026\/01\/bild-uber-uns-01.jpg\" class=\"attachment-full size-full wp-image-65934\" alt=\"\" srcset=\"https:\/\/www.parkinson-hotline.com\/wp-content\/uploads\/2026\/01\/bild-uber-uns-01.jpg 1024w, https:\/\/www.parkinson-hotline.com\/wp-content\/uploads\/2026\/01\/bild-uber-uns-01-300x200.jpg 300w, https:\/\/www.parkinson-hotline.com\/wp-content\/uploads\/2026\/01\/bild-uber-uns-01-768x512.jpg 768w\" sizes=\"(max-width: 1024px) 100vw, 1024px\" \/>\t\t\t\t\t\t\t\t<\/a>\n\t\t\t\t\t\t\t\t\t\t\t\t\t\t\t<\/div>\n\t\t\t\t<\/div>\n\t\t\t\t<div class=\"elementor-element elementor-element-9dc463a elementor-widget elementor-widget-text-editor\" data-id=\"9dc463a\" data-element_type=\"widget\" data-e-type=\"widget\" data-widget_type=\"text-editor.default\">\n\t\t\t\t\t\t\t\t\t<p><em>Lamades: Asutaja Sonja Giger koos oma poja, praeguse tegevdirektori Adrian Gigeri ja lapselapsega.<\/em><\/p>\t\t\t\t\t\t\t\t<\/div>\n\t\t\t\t<div class=\"elementor-element elementor-element-5b1606b elementor-widget elementor-widget-heading\" data-id=\"5b1606b\" data-element_type=\"widget\" data-e-type=\"widget\" data-widget_type=\"heading.default\">\n\t\t\t\t\t<h3 class=\"elementor-heading-title elementor-size-default\">Asutajaperekond<\/h3>\t\t\t\t<\/div>\n\t\t\t\t<div class=\"elementor-element elementor-element-6ce18df elementor-widget elementor-widget-text-editor\" data-id=\"6ce18df\" data-element_type=\"widget\" data-e-type=\"widget\" data-widget_type=\"text-editor.default\">\n\t\t\t\t\t\t\t\t\t<p><strong>Kirega innovatsiooni vastu<\/strong><br \/><br \/>GIGER\u00ae MD\u00ae lugu ei alga mitte laboris, vaid alguse saanud <strong>S\u00fcgav soov aidata inimesi<\/strong>, mille puhul oli <strong>V\u00e4ike lootus paranemisele<\/strong> andis. In the <strong>1980ndate alguses<\/strong> pani <strong>Gigeri perekond<\/strong> . <strong>Revolutsioonilise teraapia vormi alusmaterjal<\/strong>. T\u00e4nu juhtumile <strong>MS perekonnas<\/strong>, sa olid p\u00e4rit <strong>isiklik p\u00fchendumus ja teaduslik uudishimu<\/strong> ja arendas v\u00e4lja <strong>ravivahendite esimesed protot\u00fc\u00fcbid<\/strong>. Nende eesm\u00e4rk oli <strong>n\u00e4rvis\u00fcsteemi kaudu suunatud<\/strong>, <strong>stimuleerida r\u00fctmilisi liikumisi uuesti<\/strong> - l\u00e4henemine, mis sel ajal <strong>Oma ajast kaugel ees<\/strong> oli.<\/p>\t\t\t\t\t\t\t\t<\/div>\n\t\t\t\t<div class=\"elementor-element elementor-element-e7a16bc elementor-align-center elementor-widget elementor-widget-button\" data-id=\"e7a16bc\" data-element_type=\"widget\" data-e-type=\"widget\" data-widget_type=\"button.default\">\n\t\t\t\t\t\t\t\t\t\t<a class=\"elementor-button elementor-button-link elementor-size-sm elementor-animation-bob\" href=\"https:\/\/www.parkinson-hotline.com\/et\/kontakt\/\">\n\t\t\t\t\t\t<span class=\"elementor-button-content-wrapper\">\n\t\t\t\t\t\t\t\t\t<span class=\"elementor-button-text\">Uuri n\u00fc\u00fcd rohkem!<\/span>\n\t\t\t\t\t<\/span>\n\t\t\t\t\t<\/a>\n\t\t\t\t\t\t\t\t<\/div>\n\t\t\t\t<\/div>\n\t\t\t\t\t<\/div>\n\t\t\t\t<\/div>\n\t\t\t\t<\/div>","protected":false},"excerpt":{"rendered":"<p>\u00dcber uns \u2013 Die Geschichte der GIGER\u00ae MD\u00ae Therapie: Innovation und Erfahrung seit \u00fcber 40 Jahren. Von den bescheidenen Anf\u00e4ngen bis zur heutigen wissenschaftlich fundierten Therapie. Seit \u00fcber vier Jahrzehnten engagieren wir uns mit Leidenschaft f\u00fcr die Verbesserung der Lebensqualit\u00e4t von Menschen mit neurologischen Erkrankungen. Unsere Reise ist gepr\u00e4gt von kontinuierlicher Forschung, famili\u00e4rem Engagement und [&hellip;]<\/p>\n","protected":false},"author":1,"featured_media":0,"parent":0,"menu_order":0,"comment_status":"closed","ping_status":"closed","template":"","meta":{"inline_featured_image":false,"footnotes":""},"class_list":["post-64949","page","type-page","status-publish","hentry"],"_links":{"self":[{"href":"https:\/\/www.parkinson-hotline.com\/et\/wp-json\/wp\/v2\/pages\/64949","targetHints":{"allow":["GET"]}}],"collection":[{"href":"https:\/\/www.parkinson-hotline.com\/et\/wp-json\/wp\/v2\/pages"}],"about":[{"href":"https:\/\/www.parkinson-hotline.com\/et\/wp-json\/wp\/v2\/types\/page"}],"author":[{"embeddable":true,"href":"https:\/\/www.parkinson-hotline.com\/et\/wp-json\/wp\/v2\/users\/1"}],"replies":[{"embeddable":true,"href":"https:\/\/www.parkinson-hotline.com\/et\/wp-json\/wp\/v2\/comments?post=64949"}],"version-history":[{"count":27,"href":"https:\/\/www.parkinson-hotline.com\/et\/wp-json\/wp\/v2\/pages\/64949\/revisions"}],"predecessor-version":[{"id":66739,"href":"https:\/\/www.parkinson-hotline.com\/et\/wp-json\/wp\/v2\/pages\/64949\/revisions\/66739"}],"wp:attachment":[{"href":"https:\/\/www.parkinson-hotline.com\/et\/wp-json\/wp\/v2\/media?parent=64949"}],"curies":[{"name":"wp","href":"https:\/\/api.w.org\/{rel}","templated":true}]}}