{"id":5,"date":"2016-03-23T13:06:56","date_gmt":"2016-03-23T13:06:56","guid":{"rendered":"http:\/\/gigermdneu.malta2956.startdedicated.de\/?page_id=5"},"modified":"2026-05-12T23:34:58","modified_gmt":"2026-05-12T21:34:58","slug":"home-2","status":"publish","type":"page","link":"https:\/\/www.parkinson-hotline.com\/hu\/","title":{"rendered":"Home"},"content":{"rendered":"<div data-elementor-type=\"wp-page\" data-elementor-id=\"5\" class=\"elementor elementor-5\" data-elementor-post-type=\"page\">\n\t\t\t\t<div class=\"elementor-element elementor-element-44ce5db e-con-full e-flex e-con e-parent\" data-id=\"44ce5db\" data-element_type=\"container\" data-e-type=\"container\" data-settings=\"{&quot;background_background&quot;:&quot;classic&quot;}\">\n\t\t<div class=\"elementor-element elementor-element-575d3eb e-con-full e-flex e-con e-child\" data-id=\"575d3eb\" data-element_type=\"container\" data-e-type=\"container\" data-settings=\"{&quot;background_background&quot;:&quot;classic&quot;}\">\n\t\t<div class=\"elementor-element elementor-element-622a246 e-con-full e-flex e-con e-child\" data-id=\"622a246\" data-element_type=\"container\" data-e-type=\"container\" data-settings=\"{&quot;background_background&quot;:&quot;classic&quot;}\">\n\t\t\t\t<div class=\"elementor-element elementor-element-23bbf4b elementor-widget elementor-widget-image\" data-id=\"23bbf4b\" data-element_type=\"widget\" data-e-type=\"widget\" data-widget_type=\"image.default\">\n\t\t\t\t\t\t\t\t\t\t\t\t\t\t\t\t<a href=\"https:\/\/www.parkinson-hotline.com\/hu\/kapcsolatfelvetel\/\">\n\t\t\t\t\t\t\t<img fetchpriority=\"high\" decoding=\"async\" width=\"1024\" height=\"670\" src=\"https:\/\/www.parkinson-hotline.com\/wp-content\/uploads\/2026\/01\/bild-home-1-1.jpg\" class=\"attachment-full size-full wp-image-65742\" alt=\"\" srcset=\"https:\/\/www.parkinson-hotline.com\/wp-content\/uploads\/2026\/01\/bild-home-1-1.jpg 1024w, https:\/\/www.parkinson-hotline.com\/wp-content\/uploads\/2026\/01\/bild-home-1-1-300x196.jpg 300w, https:\/\/www.parkinson-hotline.com\/wp-content\/uploads\/2026\/01\/bild-home-1-1-768x503.jpg 768w\" sizes=\"(max-width: 1024px) 100vw, 1024px\" \/>\t\t\t\t\t\t\t\t<\/a>\n\t\t\t\t\t\t\t\t\t\t\t\t\t\t\t<\/div>\n\t\t\t\t<div class=\"elementor-element elementor-element-c626121 elementor-widget__width-inherit elementor-absolute elementor-widget elementor-widget-heading\" data-id=\"c626121\" data-element_type=\"widget\" data-e-type=\"widget\" data-settings=\"{&quot;_position&quot;:&quot;absolute&quot;}\" data-widget_type=\"heading.default\">\n\t\t\t\t\t<h1 class=\"elementor-heading-title elementor-size-default\">\u00dajra mozg\u00e1st tal\u00e1lni.<br> Az \u00e9letmin\u0151s\u00e9g \u00fajradefini\u00e1l\u00e1sa.<\/h1>\t\t\t\t<\/div>\n\t\t\t\t<\/div>\n\t\t<div class=\"elementor-element elementor-element-2f22078 e-con-full e-flex e-con e-child\" data-id=\"2f22078\" data-element_type=\"container\" data-e-type=\"container\" data-settings=\"{&quot;background_background&quot;:&quot;classic&quot;}\">\n\t\t\t\t<div class=\"elementor-element elementor-element-14065c0 elementor-widget elementor-widget-text-editor\" data-id=\"14065c0\" data-element_type=\"widget\" data-e-type=\"widget\" data-widget_type=\"text-editor.default\">\n\t\t\t\t\t\t\t\t\t<p><strong>A GIGER\u00ae MD\u00ae ter\u00e1pia lehet\u0151s\u00e9get ny\u00fajt arra, hogy<\/strong>, a Parkinson-k\u00f3r ellen\u00e9re <strong>a lehet\u0151 legmagasabb \u00e9letmin\u0151s\u00e9g fenntart\u00e1sa \u00e9s visszanyer\u00e9se<\/strong>. Ezen k\u00edv\u00fcl <strong>Az \u00e9rintettek gyakran cs\u00f6kkentik gy\u00f3gyszeradagjukat<\/strong> \u00e9s \u00edgy <strong>Cs\u00f6kkentse a mell\u00e9khat\u00e1sokat<\/strong>.<\/p>\t\t\t\t\t\t\t\t<\/div>\n\t\t\t\t<div class=\"elementor-element elementor-element-7af43fc elementor-widget elementor-widget-text-editor\" data-id=\"7af43fc\" data-element_type=\"widget\" data-e-type=\"widget\" data-widget_type=\"text-editor.default\">\n\t\t\t\t\t\t\t\t\t<p>Miut\u00e1n egy <strong>r\u00f6vid betanul\u00e1si id\u0151szak<\/strong> k\u00e9pz\u00e9s a <strong>GIGER\u00ae MD\u00ae ter\u00e1pi\u00e1s eszk\u00f6z\u00f6k minden beteg \u00e1ltal \u00f6n\u00e1ll\u00f3an, otthon.<\/strong> v\u00e9grehajt\u00e1sra ker\u00fcl. Egy <strong>speci\u00e1lis szoftver<\/strong> a betegeknek <strong>Inform\u00e1ci\u00f3t ny\u00fajt az el\u0151rehalad\u00e1sr\u00f3l, \u00e9s seg\u00edt a ter\u00e1pia folyamatos kiigaz\u00edt\u00e1s\u00e1ban.<\/strong><\/p>\t\t\t\t\t\t\t\t<\/div>\n\t\t\t\t<\/div>\n\t\t<div class=\"elementor-element elementor-element-e632878 e-con-full e-flex e-con e-child\" data-id=\"e632878\" data-element_type=\"container\" data-e-type=\"container\">\n\t\t\t\t<div class=\"elementor-element elementor-element-113a00d elementor-widget elementor-widget-heading\" data-id=\"113a00d\" data-element_type=\"widget\" data-e-type=\"widget\" data-widget_type=\"heading.default\">\n\t\t\t\t\t<h2 class=\"elementor-heading-title elementor-size-default\">A GIGER\u00ae MD\u00ae ter\u00e1pia el\u0151nyei<\/h2>\t\t\t\t<\/div>\n\t\t<div class=\"elementor-element elementor-element-518a06f e-grid e-con-full e-con e-child\" data-id=\"518a06f\" data-element_type=\"container\" data-e-type=\"container\">\n\t\t<div class=\"elementor-element elementor-element-f9649bc e-con-full scale-hover e-flex e-con e-child\" data-id=\"f9649bc\" data-element_type=\"container\" data-e-type=\"container\" data-settings=\"{&quot;background_background&quot;:&quot;classic&quot;}\">\n\t\t\t\t<div class=\"elementor-element elementor-element-c3adffc elementor-widget elementor-widget-image\" data-id=\"c3adffc\" data-element_type=\"widget\" data-e-type=\"widget\" data-widget_type=\"image.default\">\n\t\t\t\t\t\t\t\t\t\t\t\t\t\t\t<img decoding=\"async\" src=\"https:\/\/www.parkinson-hotline.com\/wp-content\/uploads\/2025\/12\/Icon-laufen-1.svg\" title=\"Ikon-fut\u00e1s.svg\" alt=\"Ikon-fut\u00e1s.svg\" loading=\"lazy\" \/>\t\t\t\t\t\t\t\t\t\t\t\t\t\t\t<\/div>\n\t\t\t\t<div class=\"elementor-element elementor-element-4193565 elementor-widget elementor-widget-heading\" data-id=\"4193565\" data-element_type=\"widget\" data-e-type=\"widget\" data-widget_type=\"heading.default\">\n\t\t\t\t\t<h2 class=\"elementor-heading-title elementor-size-default\">Jobb mobilit\u00e1s<\/h2>\t\t\t\t<\/div>\n\t\t\t\t<div class=\"elementor-element elementor-element-a466cd6 elementor-widget elementor-widget-text-editor\" data-id=\"a466cd6\" data-element_type=\"widget\" data-e-type=\"widget\" data-widget_type=\"text-editor.default\">\n\t\t\t\t\t\t\t\t\t<p>T\u00f6bb biztons\u00e1got \u00e9s f\u00fcggetlens\u00e9get nyerjen vissza a mindennapi \u00e9letben.<\/p>\t\t\t\t\t\t\t\t<\/div>\n\t\t\t\t<\/div>\n\t\t<div class=\"elementor-element elementor-element-7c1d64e e-con-full scale-hover e-flex e-con e-child\" data-id=\"7c1d64e\" data-element_type=\"container\" data-e-type=\"container\" data-settings=\"{&quot;background_background&quot;:&quot;classic&quot;}\">\n\t\t\t\t<div class=\"elementor-element elementor-element-dff6852 elementor-widget elementor-widget-image\" data-id=\"dff6852\" data-element_type=\"widget\" data-e-type=\"widget\" data-widget_type=\"image.default\">\n\t\t\t\t\t\t\t\t\t\t\t\t\t\t\t<img decoding=\"async\" src=\"https:\/\/www.parkinson-hotline.com\/wp-content\/uploads\/2025\/12\/koordination-icon-1.svg\" title=\"koordin\u00e1ci\u00f3-ikon.svg\" alt=\"koordin\u00e1ci\u00f3-ikon.svg\" loading=\"lazy\" \/>\t\t\t\t\t\t\t\t\t\t\t\t\t\t\t<\/div>\n\t\t\t\t<div class=\"elementor-element elementor-element-9f4e867 elementor-widget elementor-widget-heading\" data-id=\"9f4e867\" data-element_type=\"widget\" data-e-type=\"widget\" data-widget_type=\"heading.default\">\n\t\t\t\t\t<h2 class=\"elementor-heading-title elementor-size-default\">Fokozott koordin\u00e1ci\u00f3<\/h2>\t\t\t\t<\/div>\n\t\t\t\t<div class=\"elementor-element elementor-element-3a790af elementor-widget elementor-widget-text-editor\" data-id=\"3a790af\" data-element_type=\"widget\" data-e-type=\"widget\" data-widget_type=\"text-editor.default\">\n\t\t\t\t\t\t\t\t\t<p>Az idegek \u00e9s az izmok k\u00f6lcs\u00f6nhat\u00e1s\u00e1nak c\u00e9lzott edz\u00e9se<\/p>\t\t\t\t\t\t\t\t<\/div>\n\t\t\t\t<\/div>\n\t\t<div class=\"elementor-element elementor-element-126f2bd e-con-full scale-hover e-flex e-con e-child\" data-id=\"126f2bd\" data-element_type=\"container\" data-e-type=\"container\" data-settings=\"{&quot;background_background&quot;:&quot;classic&quot;}\">\n\t\t\t\t<div class=\"elementor-element elementor-element-a578722 elementor-widget elementor-widget-image\" data-id=\"a578722\" data-element_type=\"widget\" data-e-type=\"widget\" data-widget_type=\"image.default\">\n\t\t\t\t\t\t\t\t\t\t\t\t\t\t\t<img decoding=\"async\" src=\"https:\/\/www.parkinson-hotline.com\/wp-content\/uploads\/2025\/12\/smiley-1.svg\" title=\"smiley.svg\" alt=\"smiley.svg\" loading=\"lazy\" \/>\t\t\t\t\t\t\t\t\t\t\t\t\t\t\t<\/div>\n\t\t\t\t<div class=\"elementor-element elementor-element-3c0a631 elementor-widget elementor-widget-heading\" data-id=\"3c0a631\" data-element_type=\"widget\" data-e-type=\"widget\" data-widget_type=\"heading.default\">\n\t\t\t\t\t<h2 class=\"elementor-heading-title elementor-size-default\">Cs\u00f6kkentett t\u00fcnetek<\/h2>\t\t\t\t<\/div>\n\t\t\t\t<div class=\"elementor-element elementor-element-996e120 elementor-widget elementor-widget-text-editor\" data-id=\"996e120\" data-element_type=\"widget\" data-e-type=\"widget\" data-widget_type=\"text-editor.default\">\n\t\t\t\t\t\t\t\t\t<p>Tapasztalja meg a megk\u00f6nnyebb\u00fcl\u00e9st <br \/>Parkinson-k\u00f3rra jellemz\u0151 korl\u00e1toz\u00e1sok<\/p>\t\t\t\t\t\t\t\t<\/div>\n\t\t\t\t<\/div>\n\t\t\t\t<\/div>\n\t\t\t\t<\/div>\n\t\t<div class=\"elementor-element elementor-element-c3462e4 e-con-full e-flex e-con e-child\" data-id=\"c3462e4\" data-element_type=\"container\" data-e-type=\"container\">\n\t\t<div class=\"elementor-element elementor-element-b1fbb6e e-con-full e-flex e-con e-child\" data-id=\"b1fbb6e\" data-element_type=\"container\" data-e-type=\"container\" data-settings=\"{&quot;background_background&quot;:&quot;classic&quot;}\">\n\t\t<div class=\"elementor-element elementor-element-49bb7f7 e-con-full e-flex e-con e-child\" data-id=\"49bb7f7\" data-element_type=\"container\" data-e-type=\"container\">\n\t\t<div class=\"elementor-element elementor-element-ac6822e e-grid e-con-full e-con e-child\" data-id=\"ac6822e\" data-element_type=\"container\" data-e-type=\"container\">\n\t\t\t\t<div class=\"elementor-element elementor-element-b45c7aa elementor-widget elementor-widget-heading\" data-id=\"b45c7aa\" data-element_type=\"widget\" data-e-type=\"widget\" data-widget_type=\"heading.default\">\n\t\t\t\t\t<h4 class=\"elementor-heading-title elementor-size-default\">Tudom\u00e1nyosan igazolhat\u00f3:<\/h4>\t\t\t\t<\/div>\n\t\t\t\t<div class=\"elementor-element elementor-element-8d31a72 elementor-widget elementor-widget-heading\" data-id=\"8d31a72\" data-element_type=\"widget\" data-e-type=\"widget\" data-widget_type=\"heading.default\">\n\t\t\t\t\t<h4 class=\"elementor-heading-title elementor-size-default\">GIGER\u00ae MD\u00ae ter\u00e1pi\u00e1nk<\/h4>\t\t\t\t<\/div>\n\t\t\t\t<div class=\"elementor-element elementor-element-068d547 elementor-widget__width-initial elementor-widget elementor-widget-text-editor\" data-id=\"068d547\" data-element_type=\"widget\" data-e-type=\"widget\" data-widget_type=\"text-editor.default\">\n\t\t\t\t\t\t\t\t\t<p>A <strong>GIGER\u00ae MD\u00ae ter\u00e1pia<\/strong> egy <strong>Sz\u00e1m\u00edt\u00f3g\u00e9ppel t\u00e1mogatott kezel\u00e9si elj\u00e1r\u00e1s<\/strong>, amely a <strong>A neuroplaszticit\u00e1s alapelvei<\/strong> alapj\u00e1n. A  oldalon kereszt\u00fcl <strong>Koordin\u00e1lt, ism\u00e9tl\u0151d\u0151 mozg\u00e1sok<\/strong> az agy \u00faj <strong>neuron\u00e1lis kapcsolatok j\u00f6nnek l\u00e9tre \u00e9s a motoros funkci\u00f3k \u00fajra aktiv\u00e1l\u00f3dnak.<\/strong>. Ez a megk\u00f6zel\u00edt\u00e9s lehet\u0151v\u00e9 teszi a <strong>idegrendszert a feladatok \u00fajratanul\u00e1s\u00e1ra \u00e9s az \u00e9letmin\u0151s\u00e9g fenntarthat\u00f3 jav\u00edt\u00e1s\u00e1ra.<\/strong><\/p>\t\t\t\t\t\t\t\t<\/div>\n\t\t\t\t<\/div>\n\t\t\t\t<div class=\"elementor-element elementor-element-d1fc58b elementor-align-left elementor-widget elementor-widget-button\" data-id=\"d1fc58b\" data-element_type=\"widget\" data-e-type=\"widget\" data-widget_type=\"button.default\">\n\t\t\t\t\t\t\t\t\t\t<a class=\"elementor-button elementor-button-link elementor-size-sm elementor-animation-bob\" href=\"https:\/\/www.parkinson-hotline.com\/hu\/alapok\/\">\n\t\t\t\t\t\t<span class=\"elementor-button-content-wrapper\">\n\t\t\t\t\t\t\t\t\t<span class=\"elementor-button-text\">Tudjon meg t\u00f6bbet<\/span>\n\t\t\t\t\t<\/span>\n\t\t\t\t\t<\/a>\n\t\t\t\t\t\t\t\t<\/div>\n\t\t\t\t<\/div>\n\t\t\t\t<div class=\"elementor-element elementor-element-6629d02c elementor-widget__width-initial elementor-widget-tablet__width-inherit ph-image-link elementor-widget elementor-widget-image\" data-id=\"6629d02c\" data-element_type=\"widget\" data-e-type=\"widget\" data-widget_type=\"image.default\">\n\t\t\t\t\t\t\t\t\t\t\t\t\t\t\t\t<a href=\"https:\/\/www.parkinson-hotline.com\/hu\/alapok\/\">\n\t\t\t\t\t\t\t<img decoding=\"async\" width=\"800\" height=\"565\" src=\"https:\/\/www.parkinson-hotline.com\/wp-content\/uploads\/2026\/01\/Home-Bild-2.jpg\" class=\"attachment-large size-large wp-image-65345\" alt=\"\" srcset=\"https:\/\/www.parkinson-hotline.com\/wp-content\/uploads\/2026\/01\/Home-Bild-2.jpg 1024w, https:\/\/www.parkinson-hotline.com\/wp-content\/uploads\/2026\/01\/Home-Bild-2-300x212.jpg 300w, https:\/\/www.parkinson-hotline.com\/wp-content\/uploads\/2026\/01\/Home-Bild-2-768x542.jpg 768w\" sizes=\"(max-width: 800px) 100vw, 800px\" \/>\t\t\t\t\t\t\t\t<\/a>\n\t\t\t\t\t\t\t\t\t\t\t\t\t\t\t<\/div>\n\t\t\t\t<\/div>\n\t\t\t\t<\/div>\n\t\t<div class=\"elementor-element elementor-element-e1db000 e-con-full e-flex e-con e-child\" data-id=\"e1db000\" data-element_type=\"container\" data-e-type=\"container\" data-settings=\"{&quot;background_background&quot;:&quot;classic&quot;}\">\n\t\t\t\t<div class=\"elementor-element elementor-element-91f3feb elementor-position-left elementor-vertical-align-middle elementor-widget elementor-widget-image-box\" data-id=\"91f3feb\" data-element_type=\"widget\" data-e-type=\"widget\" data-widget_type=\"image-box.default\">\n\t\t\t\t\t<div class=\"elementor-image-box-wrapper\"><figure class=\"elementor-image-box-img\"><a href=\"https:\/\/www.youtube.com\/watch?v=_VSAELVPH3E\" target=\"_blank\" tabindex=\"-1\" rel=\"noopener\"><img decoding=\"async\" width=\"300\" height=\"300\" src=\"https:\/\/www.parkinson-hotline.com\/wp-content\/uploads\/2025\/12\/Home-Bild-3-1.jpg\" class=\"attachment-full size-full wp-image-64295\" alt=\"\" srcset=\"https:\/\/www.parkinson-hotline.com\/wp-content\/uploads\/2025\/12\/Home-Bild-3-1.jpg 300w, https:\/\/www.parkinson-hotline.com\/wp-content\/uploads\/2025\/12\/Home-Bild-3-1-150x150.jpg 150w\" sizes=\"(max-width: 300px) 100vw, 300px\" \/><\/a><\/figure><div class=\"elementor-image-box-content\"><h3 class=\"elementor-image-box-title\"><a href=\"https:\/\/www.youtube.com\/watch?v=_VSAELVPH3E\" target=\"_blank\" rel=\"noopener\">Ezt mondja a h\u00edres n\u00e9met telev\u00edzi\u00f3s m\u0171sorvezet\u0151, Frank Elstner a ter\u00e1pi\u00e1s eszk\u00f6z\u00fcnkr\u0151l:<\/a><\/h3><p class=\"elementor-image-box-description\"><br>\n<strong>\u00abNem csak egy Parkinson-k\u00f3ros betegnek kell itt lenni. <\/strong>de <strong>B\u00e1rki haszn\u00e1lhatja, aki tenni akar valamit az eg\u00e9szs\u00e9g\u00e9\u00e9rt.\u00bb<\/strong>\n<br>\n<br>\n<strong>Frank Elstner<\/strong> maga is <strong>T\u00f6bb \u00e9ve Parkinson-k\u00f3rban szenved<\/strong> \u00e9s <strong>teszi a GIGER\u00ae MD\u00ae ter\u00e1pi\u00e1t<\/strong> rendszeresen.<\/p><\/div><\/div>\t\t\t\t<\/div>\n\t\t\t\t<\/div>\n\t\t<div class=\"elementor-element elementor-element-5e9b697 e-con-full e-flex e-con e-child\" data-id=\"5e9b697\" data-element_type=\"container\" data-e-type=\"container\">\n\t\t\t\t<div class=\"elementor-element elementor-element-9d10e34 elementor-widget elementor-widget-video\" data-id=\"9d10e34\" data-element_type=\"widget\" data-e-type=\"widget\" data-settings=\"{&quot;youtube_url&quot;:&quot;https:\\\/\\\/www.youtube.com\\\/watch?v=VDQLDPGBuIY&quot;,&quot;show_image_overlay&quot;:&quot;yes&quot;,&quot;image_overlay&quot;:{&quot;url&quot;:&quot;https:\\\/\\\/www.parkinson-hotline.com\\\/wp-content\\\/uploads\\\/2025\\\/12\\\/Home-Bild-4.jpg&quot;,&quot;id&quot;:64228,&quot;size&quot;:&quot;&quot;,&quot;alt&quot;:&quot;&quot;,&quot;source&quot;:&quot;library&quot;},&quot;video_type&quot;:&quot;youtube&quot;,&quot;controls&quot;:&quot;yes&quot;}\" data-widget_type=\"video.default\">\n\t\t\t\t\t\t\t<div class=\"elementor-wrapper elementor-open-inline\">\n\t\t\t<div class=\"elementor-video\"><\/div>\t\t\t\t<div class=\"elementor-custom-embed-image-overlay\" style=\"background-image: url(https:\/\/www.parkinson-hotline.com\/wp-content\/uploads\/2025\/12\/Home-Bild-4.jpg);\">\n\t\t\t\t\t\t\t\t\t\t\t\t\t\t\t\t<div class=\"elementor-custom-embed-play\" role=\"button\" aria-label=\"Vide\u00f3 lej\u00e1tsz\u00e1sa\" tabindex=\"0\">\n\t\t\t\t\t\t\t<svg aria-hidden=\"true\" class=\"e-font-icon-svg e-eicon-play\" viewbox=\"0 0 1000 1000\" xmlns=\"http:\/\/www.w3.org\/2000\/svg\"><path d=\"M838 162C746 71 633 25 500 25 371 25 258 71 163 162 71 254 25 367 25 500 25 633 71 746 163 837 254 929 367 979 500 979 633 979 746 933 838 837 929 746 975 633 975 500 975 367 929 254 838 162M808 192C892 279 933 379 933 500 933 621 892 725 808 808 725 892 621 938 500 938 379 938 279 896 196 808 113 725 67 621 67 500 67 379 108 279 196 192 279 108 383 62 500 62 621 62 721 108 808 192M438 392V642L642 517 438 392Z\"><\/path><\/svg>\t\t\t\t\t\t<\/div>\n\t\t\t\t\t\t\t\t\t<\/div>\n\t\t\t\t\t<\/div>\n\t\t\t\t\t\t<\/div>\n\t\t\t\t<div class=\"elementor-element elementor-element-823fff5 elementor-align-justify elementor-tablet-align-justify elementor-mobile-align-center elementor-widget-tablet__width-inherit elementor-widget elementor-widget-button\" data-id=\"823fff5\" data-element_type=\"widget\" data-e-type=\"widget\" data-widget_type=\"button.default\">\n\t\t\t\t\t\t\t\t\t\t<a class=\"elementor-button elementor-button-link elementor-size-sm elementor-animation-bob\" href=\"https:\/\/www.parkinson-hotline.com\/hu\/kapcsolatfelvetel\/\">\n\t\t\t\t\t\t<span class=\"elementor-button-content-wrapper\">\n\t\t\t\t\t\t\t\t\t<span class=\"elementor-button-text\">Kapjon nem k\u00f6telez\u0151 \u00e9rv\u00e9ny\u0171 inform\u00e1ci\u00f3kat most<\/span>\n\t\t\t\t\t<\/span>\n\t\t\t\t\t<\/a>\n\t\t\t\t\t\t\t\t<\/div>\n\t\t\t\t<\/div>\n\t\t\t\t<\/div>\n\t\t\t\t<\/div>\n\t\t<div class=\"elementor-element elementor-element-78864d9 e-flex e-con-boxed e-con e-parent\" data-id=\"78864d9\" data-element_type=\"container\" data-e-type=\"container\" data-settings=\"{&quot;background_background&quot;:&quot;classic&quot;}\">\n\t\t\t\t\t<div class=\"e-con-inner\">\n\t\t\t\t<div class=\"elementor-element elementor-element-0851604 elementor-widget__width-initial elementor-widget elementor-widget-text-editor\" data-id=\"0851604\" data-element_type=\"widget\" data-e-type=\"widget\" data-widget_type=\"text-editor.default\">\n\t\t\t\t\t\t\t\t\t<p data-start=\"957\" data-end=\"1218\">A GIGER\u00ae MD\u00ae ter\u00e1pi\u00e1t t\u00f6bb mint 40 \u00e9ve alkalmazz\u00e1k empirikusan, \u00e9s a Parkinson-k\u00f3r ter\u00e1pi\u00e1j\u00e1val kapcsolatos tudom\u00e1nyos tanulm\u00e1nyokban elemezt\u00e9k. A vonatkoz\u00f3 publik\u00e1ci\u00f3k el\u00e9rhet\u0151k a nyilv\u00e1nos orvosi adatb\u00e1zisokban, vagy k\u00e9r\u00e9sre t\u0151l\u00fcnk beszerezhet\u0151k.<\/p>\t\t\t\t\t\t\t\t<\/div>\n\t\t\t\t\t<\/div>\n\t\t\t\t<\/div>\n\t\t\t\t<\/div>","protected":false},"excerpt":{"rendered":"<p>Bewegung wiederfinden. Lebensqualit\u00e4t neu definieren. Die GIGER\u00ae MD\u00ae Therapie stellt eine M\u00f6glichkeit dar, trotz Parkinson eine m\u00f6glichst hohe Lebensqualit\u00e4t zu erhalten und zur\u00fcckzugewinnen. Zus\u00e4tzlich k\u00f6nnen Betroffene h\u00e4ufig ihre Medikamentendosis senken und so Nebenwirkungen verringern. Nach einer kurzen Einlernzeit kann das Training mit den GIGER\u00ae MD\u00ae Therapieinstrumenten von jedem Betroffenen\u00a0selbstst\u00e4ndig zu Hause durchgef\u00fchrt werden. Eine spezielle [&hellip;]<\/p>\n","protected":false},"author":1,"featured_media":0,"parent":0,"menu_order":0,"comment_status":"closed","ping_status":"closed","template":"","meta":{"inline_featured_image":false,"footnotes":""},"class_list":["post-5","page","type-page","status-publish","hentry"],"_links":{"self":[{"href":"https:\/\/www.parkinson-hotline.com\/hu\/wp-json\/wp\/v2\/pages\/5","targetHints":{"allow":["GET"]}}],"collection":[{"href":"https:\/\/www.parkinson-hotline.com\/hu\/wp-json\/wp\/v2\/pages"}],"about":[{"href":"https:\/\/www.parkinson-hotline.com\/hu\/wp-json\/wp\/v2\/types\/page"}],"author":[{"embeddable":true,"href":"https:\/\/www.parkinson-hotline.com\/hu\/wp-json\/wp\/v2\/users\/1"}],"replies":[{"embeddable":true,"href":"https:\/\/www.parkinson-hotline.com\/hu\/wp-json\/wp\/v2\/comments?post=5"}],"version-history":[{"count":111,"href":"https:\/\/www.parkinson-hotline.com\/hu\/wp-json\/wp\/v2\/pages\/5\/revisions"}],"predecessor-version":[{"id":66822,"href":"https:\/\/www.parkinson-hotline.com\/hu\/wp-json\/wp\/v2\/pages\/5\/revisions\/66822"}],"wp:attachment":[{"href":"https:\/\/www.parkinson-hotline.com\/hu\/wp-json\/wp\/v2\/media?parent=5"}],"curies":[{"name":"wp","href":"https:\/\/api.w.org\/{rel}","templated":true}]}}