{"id":64949,"date":"2025-12-26T05:12:47","date_gmt":"2025-12-26T04:12:47","guid":{"rendered":"https:\/\/www.parkinson-hotline.com\/?page_id=64949"},"modified":"2026-03-07T04:30:00","modified_gmt":"2026-03-07T03:30:00","slug":"rolunk","status":"publish","type":"page","link":"https:\/\/www.parkinson-hotline.com\/hu\/ueber-uns\/","title":{"rendered":"R\u00f3lunk"},"content":{"rendered":"<div data-elementor-type=\"wp-page\" data-elementor-id=\"64949\" class=\"elementor elementor-64949\" data-elementor-post-type=\"page\">\n\t\t\t\t<div class=\"elementor-element elementor-element-0309262 e-flex e-con-boxed e-con e-parent\" data-id=\"0309262\" data-element_type=\"container\" data-e-type=\"container\">\n\t\t\t\t\t<div class=\"e-con-inner\">\n\t\t<div class=\"elementor-element elementor-element-822a690 e-con-full e-flex e-con e-child\" data-id=\"822a690\" data-element_type=\"container\" data-e-type=\"container\">\n\t\t\t\t<div class=\"elementor-element elementor-element-542f59e elementor-widget elementor-widget-heading\" data-id=\"542f59e\" data-element_type=\"widget\" data-e-type=\"widget\" data-widget_type=\"heading.default\">\n\t\t\t\t\t<h2 class=\"elementor-heading-title elementor-size-default\">R\u00f3lunk - A GIGER\u00ae MD\u00ae ter\u00e1pia t\u00f6rt\u00e9nete: innov\u00e1ci\u00f3 \u00e9s tapasztalat t\u00f6bb mint 40 \u00e9ve.<\/h2>\t\t\t\t<\/div>\n\t\t\t\t<div class=\"elementor-element elementor-element-2fe9800 elementor-widget elementor-widget-text-editor\" data-id=\"2fe9800\" data-element_type=\"widget\" data-e-type=\"widget\" data-widget_type=\"text-editor.default\">\n\t\t\t\t\t\t\t\t\t<p>A <strong>szer\u00e9ny kezdetek<\/strong> eg\u00e9szen a <strong>a mai tudom\u00e1nyosan megalapozott ter\u00e1pia<\/strong>. Mivel <strong>n\u00e9gy \u00e9vtizeden kereszt\u00fcl <\/strong>elk\u00f6telezettek vagyunk <strong>aki szenved\u00e9lyesen t\u00f6rekszik a neurol\u00f3giai betegs\u00e9gekben szenved\u0151k \u00e9letmin\u0151s\u00e9g\u00e9nek jav\u00edt\u00e1s\u00e1ra<\/strong>. Utunkat a k\u00f6vetkez\u0151k jellemzik <strong>Folyamatos kutat\u00e1s, csal\u00e1di elk\u00f6telezetts\u00e9g<\/strong> \u00e9s a <strong>megingathatatlan hit az egyes emberekben rejl\u0151 lehet\u0151s\u00e9gek ir\u00e1nt<\/strong>.<\/p>\t\t\t\t\t\t\t\t<\/div>\n\t\t\t\t<div class=\"elementor-element elementor-element-1ca387d elementor-widget elementor-widget-heading\" data-id=\"1ca387d\" data-element_type=\"widget\" data-e-type=\"widget\" data-widget_type=\"heading.default\">\n\t\t\t\t\t<h3 class=\"elementor-heading-title elementor-size-default\">V\u00edzi\u00f3 \u00e9s k\u00fcldet\u00e9s<\/h3>\t\t\t\t<\/div>\n\t\t\t\t<div class=\"elementor-element elementor-element-c66cc8c elementor-widget elementor-widget-text-editor\" data-id=\"c66cc8c\" data-element_type=\"widget\" data-e-type=\"widget\" data-widget_type=\"text-editor.default\">\n\t\t\t\t\t\t\t\t\t<p>A <strong>Vision<\/strong> egy olyan vil\u00e1g, amelyben <strong>Neurol\u00f3giai kih\u00edv\u00e1sokkal k\u00fczd\u0151 emberek<\/strong> a  oldalon kereszt\u00fcl<strong> Innovat\u00edv ter\u00e1pi\u00e1s megk\u00f6zel\u00edt\u00e9sek<\/strong> teljes m\u00e9rt\u00e9kben kiakn\u00e1zhatj\u00e1k a benn\u00fck rejl\u0151 lehet\u0151s\u00e9geket. K\u00fcldet\u00e9s\u00fcnk a k\u00f6vetkez\u0151, <strong>GIGER\u00ae MD\u00ae ter\u00e1pia, mint a vezet\u0151<\/strong>,<strong> Tudom\u00e1nyosan valid\u00e1lt m\u00f3dszer<\/strong> l\u00e9trehozni, <strong>a betegek vil\u00e1gszerte rem\u00e9nyt, fejl\u0151d\u00e9st \u00e9s jobb \u00e9letmin\u0151s\u00e9get kapnak<\/strong> aj\u00e1nlatok.<\/p>\t\t\t\t\t\t\t\t<\/div>\n\t\t<div class=\"elementor-element elementor-element-2271b3d e-con-full e-flex e-con e-child\" data-id=\"2271b3d\" data-element_type=\"container\" data-e-type=\"container\">\n\t\t\t\t<div class=\"elementor-element elementor-element-8ba523f elementor-widget elementor-widget-image\" data-id=\"8ba523f\" data-element_type=\"widget\" data-e-type=\"widget\" data-widget_type=\"image.default\">\n\t\t\t\t\t\t\t\t\t\t\t\t\t\t\t\t<a href=\"https:\/\/www.parkinson-hotline.com\/hu\/therapie\/\">\n\t\t\t\t\t\t\t<img fetchpriority=\"high\" decoding=\"async\" width=\"1024\" height=\"682\" src=\"https:\/\/www.parkinson-hotline.com\/wp-content\/uploads\/2026\/01\/bild-uber-uns-01.jpg\" class=\"attachment-full size-full wp-image-65934\" alt=\"\" srcset=\"https:\/\/www.parkinson-hotline.com\/wp-content\/uploads\/2026\/01\/bild-uber-uns-01.jpg 1024w, https:\/\/www.parkinson-hotline.com\/wp-content\/uploads\/2026\/01\/bild-uber-uns-01-300x200.jpg 300w, https:\/\/www.parkinson-hotline.com\/wp-content\/uploads\/2026\/01\/bild-uber-uns-01-768x512.jpg 768w\" sizes=\"(max-width: 1024px) 100vw, 1024px\" \/>\t\t\t\t\t\t\t\t<\/a>\n\t\t\t\t\t\t\t\t\t\t\t\t\t\t\t<\/div>\n\t\t\t\t<\/div>\n\t\t\t\t<div class=\"elementor-element elementor-element-9dc463a elementor-widget elementor-widget-text-editor\" data-id=\"9dc463a\" data-element_type=\"widget\" data-e-type=\"widget\" data-widget_type=\"text-editor.default\">\n\t\t\t\t\t\t\t\t\t<p><em>Fekv\u00e9s: Giger Szonja alap\u00edt\u00f3 a fi\u00e1val, a jelenlegi \u00fcgyvezet\u0151 igazgat\u00f3val, Adrian Giger \u00farral \u00e9s az unok\u00e1val.<\/em><\/p>\t\t\t\t\t\t\t\t<\/div>\n\t\t\t\t<div class=\"elementor-element elementor-element-5b1606b elementor-widget elementor-widget-heading\" data-id=\"5b1606b\" data-element_type=\"widget\" data-e-type=\"widget\" data-widget_type=\"heading.default\">\n\t\t\t\t\t<h3 class=\"elementor-heading-title elementor-size-default\">Az alap\u00edt\u00f3 csal\u00e1d<\/h3>\t\t\t\t<\/div>\n\t\t\t\t<div class=\"elementor-element elementor-element-6ce18df elementor-widget elementor-widget-text-editor\" data-id=\"6ce18df\" data-element_type=\"widget\" data-e-type=\"widget\" data-widget_type=\"text-editor.default\">\n\t\t\t\t\t\t\t\t\t<p><strong>Az innov\u00e1ci\u00f3 ir\u00e1nti szenved\u00e9ly<\/strong><br \/><br \/>A GIGER\u00ae MD\u00ae t\u00f6rt\u00e9nete nem egy laborat\u00f3riumban kezd\u0151d\u00f6tt, hanem a <strong>M\u00e9ly v\u00e1gy az emberek seg\u00edt\u00e9s\u00e9re<\/strong>, amelyre vonatkoz\u00f3an <strong>Kev\u00e9s rem\u00e9ny a javul\u00e1sra<\/strong> adta. A <strong>1980-as \u00e9vek eleje<\/strong> lefektette a <strong>Giger csal\u00e1d<\/strong> a <strong>Alapk\u0151 egy forradalmi ter\u00e1pi\u00e1hoz<\/strong>. Egy eset miatt <strong>MS a csal\u00e1dban<\/strong>, te volt\u00e1l a <strong>szem\u00e9lyes elk\u00f6telezetts\u00e9g \u00e9s tudom\u00e1nyos k\u00edv\u00e1ncsis\u00e1g<\/strong> \u00e9s kifejlesztette a <strong>a ter\u00e1pi\u00e1s eszk\u00f6z\u00f6k els\u0151 protot\u00edpusai<\/strong>. C\u00e9ljuk az volt, hogy <strong>idegrendszer c\u00e9lzott<\/strong>, <strong>a ritmikus mozg\u00e1sok \u00fajb\u00f3li \u00f6szt\u00f6nz\u00e9se<\/strong> - egy olyan megk\u00f6zel\u00edt\u00e9s, amely abban az id\u0151ben <strong>Messze megel\u0151zte kor\u00e1t<\/strong> volt.<\/p>\t\t\t\t\t\t\t\t<\/div>\n\t\t\t\t<div class=\"elementor-element elementor-element-e7a16bc elementor-align-center elementor-widget elementor-widget-button\" data-id=\"e7a16bc\" data-element_type=\"widget\" data-e-type=\"widget\" data-widget_type=\"button.default\">\n\t\t\t\t\t\t\t\t\t\t<a class=\"elementor-button elementor-button-link elementor-size-sm elementor-animation-bob\" href=\"https:\/\/www.parkinson-hotline.com\/hu\/kapcsolatfelvetel\/\">\n\t\t\t\t\t\t<span class=\"elementor-button-content-wrapper\">\n\t\t\t\t\t\t\t\t\t<span class=\"elementor-button-text\">Tudjon meg t\u00f6bbet most!<\/span>\n\t\t\t\t\t<\/span>\n\t\t\t\t\t<\/a>\n\t\t\t\t\t\t\t\t<\/div>\n\t\t\t\t<\/div>\n\t\t\t\t\t<\/div>\n\t\t\t\t<\/div>\n\t\t\t\t<\/div>","protected":false},"excerpt":{"rendered":"<p>\u00dcber uns \u2013 Die Geschichte der GIGER\u00ae MD\u00ae Therapie: Innovation und Erfahrung seit \u00fcber 40 Jahren. Von den bescheidenen Anf\u00e4ngen bis zur heutigen wissenschaftlich fundierten Therapie. Seit \u00fcber vier Jahrzehnten engagieren wir uns mit Leidenschaft f\u00fcr die Verbesserung der Lebensqualit\u00e4t von Menschen mit neurologischen Erkrankungen. Unsere Reise ist gepr\u00e4gt von kontinuierlicher Forschung, famili\u00e4rem Engagement und [&hellip;]<\/p>\n","protected":false},"author":1,"featured_media":0,"parent":0,"menu_order":0,"comment_status":"closed","ping_status":"closed","template":"","meta":{"inline_featured_image":false,"footnotes":""},"class_list":["post-64949","page","type-page","status-publish","hentry"],"_links":{"self":[{"href":"https:\/\/www.parkinson-hotline.com\/hu\/wp-json\/wp\/v2\/pages\/64949","targetHints":{"allow":["GET"]}}],"collection":[{"href":"https:\/\/www.parkinson-hotline.com\/hu\/wp-json\/wp\/v2\/pages"}],"about":[{"href":"https:\/\/www.parkinson-hotline.com\/hu\/wp-json\/wp\/v2\/types\/page"}],"author":[{"embeddable":true,"href":"https:\/\/www.parkinson-hotline.com\/hu\/wp-json\/wp\/v2\/users\/1"}],"replies":[{"embeddable":true,"href":"https:\/\/www.parkinson-hotline.com\/hu\/wp-json\/wp\/v2\/comments?post=64949"}],"version-history":[{"count":27,"href":"https:\/\/www.parkinson-hotline.com\/hu\/wp-json\/wp\/v2\/pages\/64949\/revisions"}],"predecessor-version":[{"id":66739,"href":"https:\/\/www.parkinson-hotline.com\/hu\/wp-json\/wp\/v2\/pages\/64949\/revisions\/66739"}],"wp:attachment":[{"href":"https:\/\/www.parkinson-hotline.com\/hu\/wp-json\/wp\/v2\/media?parent=64949"}],"curies":[{"name":"wp","href":"https:\/\/api.w.org\/{rel}","templated":true}]}}