{"id":514,"date":"2016-04-21T15:03:54","date_gmt":"2016-04-21T13:03:54","guid":{"rendered":"http:\/\/www.gigermd.com\/?page_id=514"},"modified":"2026-03-09T08:49:48","modified_gmt":"2026-03-09T07:49:48","slug":"autoriu-teisiu-salygos","status":"publish","type":"page","link":"https:\/\/www.parkinson-hotline.com\/lt\/agb-copyright\/","title":{"rendered":"AGB\/Copyight"},"content":{"rendered":"<div data-elementor-type=\"wp-page\" data-elementor-id=\"514\" class=\"elementor elementor-514\" data-elementor-post-type=\"page\">\n\t\t\t\t<div class=\"elementor-element elementor-element-7eaeaa5e e-flex e-con-boxed e-con e-parent\" data-id=\"7eaeaa5e\" data-element_type=\"container\" data-e-type=\"container\" data-settings=\"{&quot;background_background&quot;:&quot;classic&quot;}\">\n\t\t\t\t\t<div class=\"e-con-inner\">\n\t\t<div class=\"elementor-element elementor-element-a5166d2 e-con-full e-flex e-con e-child\" data-id=\"a5166d2\" data-element_type=\"container\" data-e-type=\"container\">\n\t\t\t\t<div class=\"elementor-element elementor-element-1f809b6 elementor-widget elementor-widget-heading\" data-id=\"1f809b6\" data-element_type=\"widget\" data-e-type=\"widget\" data-widget_type=\"heading.default\">\n\t\t\t\t\t<h2 class=\"elementor-heading-title elementor-size-default\">Bendrosios s\u0105lygos<\/h2>\t\t\t\t<\/div>\n\t\t\t\t<div class=\"elementor-element elementor-element-c31b970 elementor-widget elementor-widget-heading\" data-id=\"c31b970\" data-element_type=\"widget\" data-e-type=\"widget\" data-widget_type=\"heading.default\">\n\t\t\t\t\t<h3 class=\"elementor-heading-title elementor-size-default\">\"Combo AG\", Medicinos technika GIGER MD\u00ae<\/h3>\t\t\t\t<\/div>\n\t\t\t\t<div class=\"elementor-element elementor-element-126b634 elementor-widget elementor-widget-text-editor\" data-id=\"126b634\" data-element_type=\"widget\" data-e-type=\"widget\" data-widget_type=\"text-editor.default\">\n\t\t\t\t\t\t\t\t\t<h5>Terminai ir s\u0105lygos<\/h5><p>\u0160ios s\u0105lygos taikomos tik \"Combo AG\" ir kliento verslo sandoriams. Bet kuriuo atveju jos turi vir\u0161enyb\u0119 prie\u0161 bet kokias kitas kliento atsi\u0173stas ar kliento dokumentuose pateiktas s\u0105lygas.<\/p><h5>Kainos<\/h5><p>Jei nenurodyta kitaip, visos kainos nurodytos \u0160veicarijos frankais. Paprastai jos nurodomos su PVM, kai prek\u0117s pristatomos \u0161alies viduje, ir be PVM, kai prek\u0117s pristatomos \u012f u\u017esien\u012f. Visos kainos yra orientacin\u0117s, ir tik naujausias pasi\u016blymas galioja 30 dien\u0173 arba, jei pasi\u016blyme nenurodyta kitaip, nebent yra spausdinimo, spausdinimo ar skai\u010diavimo klaid\u0173.<\/p><h5>Pristatymai<\/h5><p>Terapijos priemoni\u0173 pristatymas \u0161alies viduje yra nemokamas, o pa\u0161to i\u0161laidos ir pakuot\u0117 - nemokamos. Siun\u010diant \u012f u\u017esien\u012f mokamas tik pa\u0161to mokestis. D\u0117l pav\u0117luoto pristatymo \"Combo AG\" negali b\u016bti rei\u0161kiamos jokios pretenzijos d\u0117l nuostoli\u0173, susijusi\u0173 su negautu pelnu, verslo nutraukimu ar kitais finansiniais nuostoliais.<\/p><h5>Mok\u0117jimo s\u0105lygos<\/h5><p>Klient\u0173 i\u0161 u\u017esienio u\u017esakymai bus vykdomi tik tuo atveju, jei mok\u0117tina suma bus i\u0161 anksto pervesta \u012f m\u016bs\u0173 s\u0105skait\u0105.<\/p><h5>Garantijos s\u0105lygos<\/h5><p>\"Combo AG\" \u012fsipareigoja i\u0161taisyti visus defektus, atsiradusius d\u0117l med\u017eiagos ar gamybos klaid\u0173. Garantija taikoma nemokamam prietaiso remontui arba nemokamam sugedusi\u0173 dali\u0173 pakeitimui. Reikalavimai d\u0117l garantijos at\u0161aukimo, kainos suma\u017einimo, prietaiso pakeitimo ir i\u0161laid\u0173 atlyginimo, jei \u017eal\u0105 be m\u016bs\u0173 ra\u0161ti\u0161ko sutikimo pa\u0161alina tre\u010diosios \u0161alys, ir galiausiai d\u0117l \u017ealos atlyginimo, vir\u0161ijan\u010dios sugedusios dalies pakeitimo sum\u0105, yra atmestini.<\/p><p>Kelion\u0117s ir siuntimo i\u0161laidos klientui bus apmok\u0117tos.<\/p><p>Garantin\u012f reikalavim\u0105 \u012frodo \"Combo AG\" i\u0161ra\u0161yta s\u0105skaita fakt\u016bra arba va\u017etara\u0161tis, kuriame turi b\u016bti \u012fra\u0161yta pirkimo data ir modelis.<\/p><p>Garantija netaikoma dalims, kurios nat\u016braliai susid\u0117v\u0117jo, arba gedimams, atsiradusiems d\u0117l netinkamos eksploatacijos ar naudojimo, pavyzd\u017eiui, d\u0117l nuomos ar i\u0161orinio poveikio.\u00a0<strong>Be to, naudotojas privalo reguliariai kas savait\u0119 atlikti vis\u0173 judan\u010di\u0173 dali\u0173, var\u017et\u0173 ir knied\u017ei\u0173 nusid\u0117v\u0117jimo bandym\u0105; to nepadar\u0119s, naudotojas netenka teis\u0117s reikalauti atlyginti netiesiogin\u0119 \u017eal\u0105.<\/strong>.<\/p><p>Jei remont\u0105 ar bandym\u0105 atlikti remont\u0105 atlieka ne \"Combo AG\", garantinis reikalavimas prarandamas.<\/p><p>Bendrov\u0117 \"Combo AG\" suteikia 24 m\u0117nesi\u0173 garantij\u0105 (net ir komerciniam naudojimui (i\u0161skyrus \"GIGER MD\u00ae Combofit\"), skai\u010diuojam\u0105 nuo visi\u0161kai naujo prietaiso pristatymo dienos.<\/p><h5>Tinkamas pirkimo objekto naudojimas<\/h5><p>Jei pristatymo dokumentuose n\u0117ra ai\u0161kiai nurodyta, kad \u012franga skirta \u201eprofesionaliems naudotojams\u201c, ir tod\u0117l vie\u0161oji gydymo licencija yra suderinta su prietaisu, tai yra tik privati licencija naudoti terapijos prietais\u0105 asmeniniais tikslais. \u0160iuo atveju draud\u017eiama \u012frang\u0105 naudoti komerciniais tikslais, nes komerciniam pacient\u0173 gydymui visuomet reikalingas tinkamas gamintojo apmokymas ir profesionali \u012franga.<\/p><p>Be to, \u0161i licencija grie\u017etai draud\u017eia licencijos tur\u0117tojui be ra\u0161ti\u0161ko licencijos dav\u0117jo sutikimo atlikti bet kokius GIGER MD\u00ae prietais\u0173 pakeitimus ar modifikacijas.<\/p><p>Jei ra\u0161tu nesusitarta kitaip, pirk\u0117jui suteikiama licencija yra NEi\u0161imtin\u0117, NEperleid\u017eiama ir licencijos gav\u0117jui neleid\u017eiama daryti joki\u0173 GIGER MD terapijos prietaiso pakeitim\u0173.<\/p><h5>Programin\u0117s \u012frangos produktas, praktin\u0117 patirtis<\/h5><p>GIGER MD\u00ae prietaisams skirt\u0105 programin\u0119 \u012frang\u0105 ir praktin\u0119 patirt\u012f galima naudoti tik pagal atitinkam\u0105 licencijos sutart\u012f.<\/p><h5>Atsakomyb\u0117s apribojimas<\/h5><p>\"Combo AG\" pasilieka teis\u0119 atsisakyti bet kokios atsakomyb\u0117s, jei nesilaikoma naudojimo instrukcij\u0173 ir bendr\u0173j\u0173 nurodym\u0173, taip pat jei GIGER MD\u00ae prietaisai naudojami netinkamai.<\/p><h5>Taikytina teis\u0117, jurisdikcijos vieta ir pakeitimai<\/h5><p>\u0160iam susitarimui ar parei\u0161kimui taikoma tik \u0160veicarijos teis\u0117. Vis\u0173 gin\u010d\u0173, kylan\u010di\u0173 d\u0117l \u0161io susitarimo ar deklaracijos, vykdymo vieta ir i\u0161imtin\u0117 jurisdikcijos vieta yra \"Combo AG\" registruota buvein\u0117. Ta\u010diau \u0161i bendrov\u0117 taip pat turi teis\u0119 ginti savo teises kliento gyvenamojoje vietoje arba bet kurioje kitoje kompetentingoje institucijoje, taip pat pasirinkti taikytin\u0105 nacionalin\u0119 teis\u0119. Visi pakeitimai, susij\u0119 su \u0161iomis Bendrosiomis s\u0105lygomis, turi b\u016bti daromi ra\u0161tu.<\/p><h5>Svetain\u0117s prie\u017ei\u016bra<\/h5><p>WordPress svetain\u0117s prie\u017ei\u016br\u0105 atlieka Codemenschen Gmbh<\/p><p>WordPress k\u016brimas pagal Codemenschen Gmbh<\/p><p>Gin\u010d\u0173 sprendimas: Mes nenorime ir neprivalome dalyvauti gin\u010d\u0173 sprendimo proced\u016brose vartotoj\u0173 arbitra\u017ee.<\/p><h5>Informacija apie autori\u0173 teises<\/h5><p>Autorin\u0117s teis\u0117s \u00a9 2026 Combo AG - CH-Lommiswil<\/p><p>GIGER MD\u00ae, GIGERMD\u00ae, GIGER\u00ae yra registruotas prek\u0117s \u017eenklas.<\/p><p>CAPM \u00a9<\/p><p>Autorin\u0117s teis\u0117s \u00a9 1992\/2026 Visos teis\u0117s saugomos.<\/p><p>Vis\u0173 pirma autori\u0173 teisi\u0173 teis\u0117 ir nes\u0105\u017einingos konkurencijos teis\u0117.<\/p><p>Int. pat. JAV pat.<\/p><p>U\u017e \u0161i\u0173 teisi\u0173 pa\u017eeidimus bus traukiama baud\u017eiamojon atsakomyb\u0117n pagal civilin\u0119 ir baud\u017eiam\u0105j\u0105 teis\u0119.<\/p>\t\t\t\t\t\t\t\t<\/div>\n\t\t\t\t<\/div>\n\t\t\t\t\t<\/div>\n\t\t\t\t<\/div>\n\t\t\t\t<\/div>","protected":false},"excerpt":{"rendered":"<p>Allgemeine Gesch\u00e4ftsbedingungen Combo AG, Medizintechnik GIGER MD\u00ae Konditionen F\u00fcr den Gesch\u00e4ftsverkehr zwischen der Combo AG und dem Besteller gelten ausschliesslich die nachstehenden Bedingungen. Sie gehen anderslautenden Konditionen, die vom Besteller \u00fcbersandt wurden oder sich auf dessen Schriftst\u00fcck befinden, in jedem Falle vor. Preise S\u00e4mtliche Preise sind, wo nicht anders angegeben, in Schweizer Franken ausgedr\u00fcckt. Sie [&hellip;]<\/p>\n","protected":false},"author":1,"featured_media":0,"parent":0,"menu_order":0,"comment_status":"closed","ping_status":"closed","template":"","meta":{"inline_featured_image":false,"footnotes":""},"class_list":["post-514","page","type-page","status-publish","hentry"],"_links":{"self":[{"href":"https:\/\/www.parkinson-hotline.com\/lt\/wp-json\/wp\/v2\/pages\/514","targetHints":{"allow":["GET"]}}],"collection":[{"href":"https:\/\/www.parkinson-hotline.com\/lt\/wp-json\/wp\/v2\/pages"}],"about":[{"href":"https:\/\/www.parkinson-hotline.com\/lt\/wp-json\/wp\/v2\/types\/page"}],"author":[{"embeddable":true,"href":"https:\/\/www.parkinson-hotline.com\/lt\/wp-json\/wp\/v2\/users\/1"}],"replies":[{"embeddable":true,"href":"https:\/\/www.parkinson-hotline.com\/lt\/wp-json\/wp\/v2\/comments?post=514"}],"version-history":[{"count":12,"href":"https:\/\/www.parkinson-hotline.com\/lt\/wp-json\/wp\/v2\/pages\/514\/revisions"}],"predecessor-version":[{"id":66746,"href":"https:\/\/www.parkinson-hotline.com\/lt\/wp-json\/wp\/v2\/pages\/514\/revisions\/66746"}],"wp:attachment":[{"href":"https:\/\/www.parkinson-hotline.com\/lt\/wp-json\/wp\/v2\/media?parent=514"}],"curies":[{"name":"wp","href":"https:\/\/api.w.org\/{rel}","templated":true}]}}