{"id":11,"date":"2016-03-23T13:36:44","date_gmt":"2016-03-23T13:36:44","guid":{"rendered":"http:\/\/gigermdneu.malta2956.startdedicated.de\/?page_id=11"},"modified":"2026-01-13T03:45:28","modified_gmt":"2026-01-13T02:45:28","slug":"sazinaties-ar","status":"publish","type":"page","link":"https:\/\/www.parkinson-hotline.com\/lv\/kontakt\/","title":{"rendered":"Sazinieties ar mums"},"content":{"rendered":"<div data-elementor-type=\"wp-page\" data-elementor-id=\"11\" class=\"elementor elementor-11\" data-elementor-post-type=\"page\">\n\t\t\t\t<div class=\"elementor-element elementor-element-2255f7e5 e-con-full e-flex e-con e-parent\" data-id=\"2255f7e5\" data-element_type=\"container\" data-e-type=\"container\" data-settings=\"{&quot;background_background&quot;:&quot;classic&quot;}\">\n\t\t<div class=\"elementor-element elementor-element-fbbf3ab e-con-full e-flex e-con e-child\" data-id=\"fbbf3ab\" data-element_type=\"container\" data-e-type=\"container\" data-settings=\"{&quot;background_background&quot;:&quot;classic&quot;}\">\n\t\t<div class=\"elementor-element elementor-element-d51c5d9 e-con-full e-flex e-con e-child\" data-id=\"d51c5d9\" data-element_type=\"container\" data-e-type=\"container\" data-settings=\"{&quot;background_background&quot;:&quot;classic&quot;}\">\n\t\t\t\t<div class=\"elementor-element elementor-element-eacb101 elementor-widget elementor-widget-heading\" data-id=\"eacb101\" data-element_type=\"widget\" data-e-type=\"widget\" data-widget_type=\"heading.default\">\n\t\t\t\t\t<h2 class=\"elementor-heading-title elementor-size-default\">Speriet pirmo soli!<\/h2>\t\t\t\t<\/div>\n\t\t\t\t<div class=\"elementor-element elementor-element-b8b4934 elementor-widget elementor-widget-text-editor\" data-id=\"b8b4934\" data-element_type=\"widget\" data-e-type=\"widget\" data-widget_type=\"text-editor.default\">\n\t\t\t\t\t\t\t\t\t<p style=\"text-align: center;\">Pieprasiet nesaisto\u0161u konsult\u0101ciju un uzziniet, k\u0101 GIGER\u00ae MD\u00ae terapija var pal\u012bdz\u0113t jums un j\u016bsu tuviniekiem. Vienk\u0101r\u0161i aizpildiet veidlapu, un m\u0113s ar jums sazin\u0101simies.<\/p>\t\t\t\t\t\t\t\t<\/div>\n\t\t\t\t<div class=\"elementor-element elementor-element-8d9a1cb elementor-widget__width-inherit ph-contact-form elementor-widget elementor-widget-shortcode\" data-id=\"8d9a1cb\" data-element_type=\"widget\" data-e-type=\"widget\" data-widget_type=\"shortcode.default\">\n\t\t\t\t\t\t\t<div class=\"elementor-shortcode\">\n<div class=\"wpcf7 no-js\" id=\"wpcf7-f335-o1\" lang=\"de-DE\" dir=\"ltr\" data-wpcf7-id=\"335\">\n<div class=\"screen-reader-response\"><p role=\"status\" aria-live=\"polite\" aria-atomic=\"true\"><\/p> <ul><\/ul><\/div>\n<form action=\"\/lv\/wp-json\/wp\/v2\/pages\/11#wpcf7-f335-o1\" method=\"post\" class=\"wpcf7-form init\" aria-label=\"Kontaktformular\" novalidate=\"novalidate\" data-status=\"init\" data-trp-original-action=\"\/lv\/wp-json\/wp\/v2\/pages\/11#wpcf7-f335-o1\">\n<fieldset class=\"hidden-fields-container\"><input type=\"hidden\" name=\"_wpcf7\" value=\"335\" \/><input type=\"hidden\" name=\"_wpcf7_version\" value=\"6.1.6\" \/><input type=\"hidden\" name=\"_wpcf7_locale\" value=\"de_DE\" \/><input type=\"hidden\" name=\"_wpcf7_unit_tag\" value=\"wpcf7-f335-o1\" \/><input type=\"hidden\" name=\"_wpcf7_container_post\" value=\"0\" \/><input type=\"hidden\" name=\"_wpcf7_posted_data_hash\" value=\"\" \/>\n<\/fieldset>\n<p><label>Ko m\u0113s varam dar\u012bt j\u016bsu lab\u0101?<br \/>\n<span class=\"wpcf7-form-control-wrap\" data-name=\"anliegen\"><select class=\"wpcf7-form-control wpcf7-select wpcf7-validates-as-required\" aria-required=\"true\" aria-invalid=\"false\" name=\"anliegen\"><option value=\"Informationsmaterialien erhalten\">Informat\u012bvo materi\u0101lu sa\u0146em\u0161ana<\/option><option value=\"Termin ausmachen\">Sazinieties uz tik\u0161anos<\/option><\/select><\/span><br \/>\n<\/label><br \/>\n<label>Sveiciens*<br \/>\n<span class=\"wpcf7-form-control-wrap\" data-name=\"anrede\"><select class=\"wpcf7-form-control wpcf7-select wpcf7-validates-as-required\" aria-required=\"true\" aria-invalid=\"false\" name=\"anrede\"><option value=\"Bitte w\u00e4hlen ...\">L\u016bdzu, izv\u0113lieties ...<\/option><option value=\"Herr\">kungs<\/option><option value=\"Frau\">kundze<\/option><option value=\"Keine Angabe\">Nav nor\u0101d\u012bts<\/option><\/select><\/span><br \/>\n<\/label><br \/>\n<label>Uz\u0146\u0113mums<br \/>\n<span class=\"wpcf7-form-control-wrap\" data-name=\"firma\"><input size=\"40\" maxlength=\"400\" class=\"wpcf7-form-control wpcf7-text\" aria-invalid=\"false\" value=\"\" type=\"text\" name=\"firma\" \/><\/span><br \/>\n<\/label><br \/>\n<label>V\u0101rds*<br \/>\n<span class=\"wpcf7-form-control-wrap\" data-name=\"vorname\"><input size=\"40\" maxlength=\"400\" class=\"wpcf7-form-control wpcf7-text wpcf7-validates-as-required\" autocomplete=\"given-name\" aria-required=\"true\" aria-invalid=\"false\" value=\"\" type=\"text\" name=\"vorname\" \/><\/span><br \/>\n<\/label><br \/>\n<label>Uzv\u0101rds*<br \/>\n<span class=\"wpcf7-form-control-wrap\" data-name=\"nachname\"><input size=\"40\" maxlength=\"400\" class=\"wpcf7-form-control wpcf7-text wpcf7-validates-as-required\" autocomplete=\"family-name\" aria-required=\"true\" aria-invalid=\"false\" value=\"\" type=\"text\" name=\"nachname\" \/><\/span><br \/>\n<\/label><br \/>\n<label>Iela un m\u0101jas numurs*<br \/>\n<span class=\"wpcf7-form-control-wrap\" data-name=\"strasse\"><input size=\"40\" maxlength=\"400\" class=\"wpcf7-form-control wpcf7-text wpcf7-validates-as-required\" aria-required=\"true\" aria-invalid=\"false\" value=\"\" type=\"text\" name=\"strasse\" \/><\/span><br \/>\n<\/label><br \/>\n<label>Vieta*<br \/>\n<span class=\"wpcf7-form-control-wrap\" data-name=\"ort\"><input size=\"40\" maxlength=\"400\" class=\"wpcf7-form-control wpcf7-text wpcf7-validates-as-required\" aria-required=\"true\" aria-invalid=\"false\" value=\"\" type=\"text\" name=\"ort\" \/><\/span><br \/>\n<\/label><br \/>\n<label>POSTCODE*<br \/>\n<span class=\"wpcf7-form-control-wrap\" data-name=\"plz\"><input size=\"40\" maxlength=\"400\" class=\"wpcf7-form-control wpcf7-text wpcf7-validates-as-required\" aria-required=\"true\" aria-invalid=\"false\" value=\"\" type=\"text\" name=\"plz\" \/><\/span><br \/>\n<\/label><br \/>\n<label>Valsts<br \/>\n<span class=\"wpcf7-form-control-wrap\" data-name=\"staat\"><input size=\"40\" maxlength=\"400\" class=\"wpcf7-form-control wpcf7-text\" aria-invalid=\"false\" value=\"\" type=\"text\" name=\"staat\" \/><\/span><br \/>\n<\/label><br \/>\n<label>Valsts*<br \/>\n<span class=\"wpcf7-form-control-wrap\" data-name=\"land\"><select class=\"wpcf7-form-control wpcf7-select wpcf7-validates-as-required\" aria-required=\"true\" aria-invalid=\"false\" name=\"land\"><option value=\"Bitte w\u00e4hlen ...\">L\u016bdzu, izv\u0113lieties ...<\/option><option value=\"Schweiz\">\u0160veice<\/option><option value=\"Deutschland\">V\u0101cija<\/option><option value=\"\u00d6sterreich\">Austrija<\/option><option value=\"Liechtenstein\">Lihten\u0161teina<\/option><option value=\"\u00c4gypten\">\u0112\u0123ipte<\/option><option value=\"Albanien\">Alb\u0101nija<\/option><option value=\"Algerien\">Al\u017e\u012brija<\/option><option value=\"Argentinien\">Argent\u012bna<\/option><option value=\"Australien\">Austr\u0101lija<\/option><option value=\"Bahrain\">Bahreina<\/option><option value=\"Bangladesch\">Banglade\u0161a<\/option><option value=\"Belgien\">Be\u013c\u0123ija<\/option><option value=\"Bolivien\">Bol\u012bvija<\/option><option value=\"Bosnien und Herzegowina\">Bosnija un Hercegovina<\/option><option value=\"Brasilien\">Braz\u012blija<\/option><option value=\"Bulgarien\">Bulg\u0101rija<\/option><option value=\"Chile\">\u010c\u012ble<\/option><option value=\"China\">\u0136\u012bna<\/option><option value=\"D\u00e4nemark\">D\u0101nija<\/option><option value=\"Ecuador\">Ekvadora<\/option><option value=\"Estland\">Igaunija<\/option><option value=\"\u00c4thiopien\">Etiopija<\/option><option value=\"Finnland\">Somija<\/option><option value=\"Frankreich\">Francija<\/option><option value=\"Ghana\">Gana<\/option><option value=\"Griechenland\">Grie\u0137ija<\/option><option value=\"Grossbritannien\">Lielbrit\u0101nija<\/option><option value=\"Indien\">Indija<\/option><option value=\"Indonesien\">Indon\u0113zija<\/option><option value=\"Irak\">Ir\u0101ka<\/option><option value=\"Iran\">Ir\u0101na<\/option><option value=\"Irland\">\u012arija<\/option><option value=\"Island\">Islande<\/option><option value=\"Israel\">Izra\u0113la<\/option><option value=\"Italien\">It\u0101lija<\/option><option value=\"Japan\">Jap\u0101na<\/option><option value=\"Jordanien\">Jordan<\/option><option value=\"Kanada\">Kan\u0101da<\/option><option value=\"Katar\">Katara<\/option><option value=\"Kenia\">Kenija<\/option><option value=\"Kolumbien\">Kolumbija<\/option><option value=\"Kosovo\">Kosova<\/option><option value=\"Kroatien\">Horv\u0101tija<\/option><option value=\"Kuwait\">Kuveita<\/option><option value=\"Lettland\">Latvija<\/option><option value=\"Libanon\">Lib\u0101na<\/option><option value=\"Libyen\">L\u012bbija<\/option><option value=\"Litauen\">Lietuva<\/option><option value=\"Luxemburg\">Luksemburga<\/option><option value=\"Malaysia\">Malaizija<\/option><option value=\"Malta\">Malta<\/option><option value=\"Marokko\">Maroka<\/option><option value=\"Mexiko\">Meksika<\/option><option value=\"Moldau\">Moldova<\/option><option value=\"Montenegro\">Melnkalne<\/option><option value=\"Neuseeland\">Jaunz\u0113lande<\/option><option value=\"Niederlande\">N\u012bderlande<\/option><option value=\"Nigeria\">Nig\u0113rija<\/option><option value=\"Nordmazedonien\">Zieme\u013cma\u0137edonija<\/option><option value=\"Norwegen\">Norv\u0113\u0123ija<\/option><option value=\"Oman\">Om\u0101na<\/option><option value=\"Pakistan\">Pakist\u0101na<\/option><option value=\"Paraguay\">Paragvaja<\/option><option value=\"Peru\">Peru<\/option><option value=\"Philippinen\">Filip\u012bnas<\/option><option value=\"Polen\">Polija<\/option><option value=\"Portugal\">Portug\u0101le<\/option><option value=\"Rum\u00e4nien\">Rum\u0101nija<\/option><option value=\"Russland\">Krievija<\/option><option value=\"Saudi-Arabien\">Sa\u016bda Ar\u0101bija<\/option><option value=\"Schweden\">Zviedrija<\/option><option value=\"Serbien\">Serbija<\/option><option value=\"Singapur\">Singap\u016bra<\/option><option value=\"Slowakei\">Slov\u0101kija<\/option><option value=\"Slowenien\">Slov\u0113nija<\/option><option value=\"Spanien\">Sp\u0101nija<\/option><option value=\"Sri Lanka\">\u0160rilanka<\/option><option value=\"S\u00fcdafrika\">Dienvid\u0101frika<\/option><option value=\"S\u00fcdkorea\">Dienvidkoreja<\/option><option value=\"Syrien\">S\u012brija<\/option><option value=\"Thailand\">Taizeme<\/option><option value=\"Tschechien\">\u010cehija<\/option><option value=\"Tunesien\">Tunisija<\/option><option value=\"T\u00fcrkei\">Turcija<\/option><option value=\"Ukraine\">Ukraina<\/option><option value=\"Ungarn\">Ung\u0101rija<\/option><option value=\"Uruguay\">Urugvaja<\/option><option value=\"USA\">ASV<\/option><option value=\"Venezuela\">Venecu\u0113la<\/option><option value=\"Vereinigte Arabische Emirate\">Apvienotie Ar\u0101bu Emir\u0101ti<\/option><option value=\"Vietnam\">Vjetnama<\/option><option value=\"Weissrussland\">Baltkrievija<\/option><option value=\"Jemen\">Jemena<\/option><option value=\"Zypern\">Kipra<\/option><option value=\"Anderes Land\">Cita valsts<\/option><\/select><\/span><br \/>\n<\/label><br \/>\n<label>T\u0101lrunis*<br \/>\n<span class=\"wpcf7-form-control-wrap\" data-name=\"telefon\"><input size=\"40\" maxlength=\"400\" class=\"wpcf7-form-control wpcf7-tel wpcf7-validates-as-required wpcf7-text wpcf7-validates-as-tel\" autocomplete=\"tel\" aria-required=\"true\" aria-invalid=\"false\" value=\"\" type=\"tel\" name=\"telefon\" \/><\/span><br \/>\n<\/label><br \/>\n<label>e-pasts*<br \/>\n<span class=\"wpcf7-form-control-wrap\" data-name=\"email\"><input size=\"40\" maxlength=\"400\" class=\"wpcf7-form-control wpcf7-email wpcf7-validates-as-required wpcf7-text wpcf7-validates-as-email\" autocomplete=\"email\" aria-required=\"true\" aria-invalid=\"false\" value=\"\" type=\"email\" name=\"email\" \/><\/span><br \/>\n<\/label><br \/>\n<label>Piez\u012bmes<br \/>\n<span class=\"wpcf7-form-control-wrap\" data-name=\"bemerkungen\"><textarea cols=\"40\" rows=\"10\" maxlength=\"2000\" class=\"wpcf7-form-control wpcf7-textarea\" aria-invalid=\"false\" name=\"bemerkungen\"><\/textarea><\/span><br \/>\n<\/label><br \/>\n<span class=\"wpcf7-form-control-wrap\" data-name=\"datenschutz\"><span class=\"wpcf7-form-control wpcf7-acceptance\"><span class=\"wpcf7-list-item\"><label><input type=\"checkbox\" name=\"datenschutz\" value=\"1\" aria-invalid=\"false\" \/><span class=\"wpcf7-list-item-label\">Es piekr\u012btu, ka mana inform\u0101cija tiek izmantota sazi\u0146ai un konsult\u0101cij\u0101m.<\/span><\/label><\/span><\/span><\/span><br \/>\n<span id=\"wpcf7-6a07f6fd56233-wrapper\" class=\"wpcf7-form-control-wrap honeypot-field-wrap\" style=\"display: block;\t\t    width: 0px;\t\t    height: 0px;\t\t    padding: 0px;\t\t    border: 1px solid transparent;\t\t    display: block;\t\t    overflow: hidden;\t\t    \"><input type=\"hidden\" name=\"honeypot-field-random-hash\" value=\"14599676\"><label\n\t\t    for=\"wpcf7-6a07f6fd56233-field\"\n\t\t    class=\"hp-message\"\n        >Bitte lasse dieses Feld leer.<\/label><input\n\t    id=\"wpcf7-6a07f6fd56233-field\"\n\t    \n\t    class=\"wpcf7-form-control wpcf7-text\"\n\t    type=\"text\"\n\t    name=\"ibdk50npo1b8\"\n\t    value=\"\"\n\t    size=\"40\"\n\t    autocomplete=\"new-password\"\n\t    tabindex=\"1000\"\n    \/><\/span><br \/>\n<input class=\"wpcf7-form-control wpcf7-submit has-spinner\" type=\"submit\" value=\"Nos\u016bt\u012bt piepras\u012bjumu\" \/>\n<\/p><div class=\"wpcf7-response-output\" aria-hidden=\"true\"><\/div>\n<input type=\"hidden\" name=\"trp-form-language\" value=\"lv\"\/><\/form>\n<\/div>\n<\/div>\n\t\t\t\t\t\t<\/div>\n\t\t\t\t<\/div>\n\t\t\t\t<\/div>\n\t\t\t\t<\/div>\n\t\t\t\t<\/div>","protected":false},"excerpt":{"rendered":"<p>Machen Sie den ersten Schritt! Fordern Sie jetzt eine unverbindliche Beratung an und erfahren Sie, wie die GIGER\u00ae MD\u00ae Therapie auch Ihnen und Ihren Liebsten weiterhelfen kann. F\u00fcllen Sie einfach das Formular aus und wir melden uns bei Ihnen.<\/p>","protected":false},"author":1,"featured_media":0,"parent":0,"menu_order":0,"comment_status":"closed","ping_status":"closed","template":"","meta":{"inline_featured_image":false,"footnotes":""},"class_list":["post-11","page","type-page","status-publish","hentry"],"_links":{"self":[{"href":"https:\/\/www.parkinson-hotline.com\/lv\/wp-json\/wp\/v2\/pages\/11","targetHints":{"allow":["GET"]}}],"collection":[{"href":"https:\/\/www.parkinson-hotline.com\/lv\/wp-json\/wp\/v2\/pages"}],"about":[{"href":"https:\/\/www.parkinson-hotline.com\/lv\/wp-json\/wp\/v2\/types\/page"}],"author":[{"embeddable":true,"href":"https:\/\/www.parkinson-hotline.com\/lv\/wp-json\/wp\/v2\/users\/1"}],"replies":[{"embeddable":true,"href":"https:\/\/www.parkinson-hotline.com\/lv\/wp-json\/wp\/v2\/comments?post=11"}],"version-history":[{"count":6,"href":"https:\/\/www.parkinson-hotline.com\/lv\/wp-json\/wp\/v2\/pages\/11\/revisions"}],"predecessor-version":[{"id":66041,"href":"https:\/\/www.parkinson-hotline.com\/lv\/wp-json\/wp\/v2\/pages\/11\/revisions\/66041"}],"wp:attachment":[{"href":"https:\/\/www.parkinson-hotline.com\/lv\/wp-json\/wp\/v2\/media?parent=11"}],"curies":[{"name":"wp","href":"https:\/\/api.w.org\/{rel}","templated":true}]}}