{"id":64949,"date":"2025-12-26T05:12:47","date_gmt":"2025-12-26T04:12:47","guid":{"rendered":"https:\/\/www.parkinson-hotline.com\/?page_id=64949"},"modified":"2026-03-07T04:30:00","modified_gmt":"2026-03-07T03:30:00","slug":"o-nas","status":"publish","type":"page","link":"https:\/\/www.parkinson-hotline.com\/pl\/ueber-uns\/","title":{"rendered":"O nas"},"content":{"rendered":"<div data-elementor-type=\"wp-page\" data-elementor-id=\"64949\" class=\"elementor elementor-64949\" data-elementor-post-type=\"page\">\n\t\t\t\t<div class=\"elementor-element elementor-element-0309262 e-flex e-con-boxed e-con e-parent\" data-id=\"0309262\" data-element_type=\"container\" data-e-type=\"container\">\n\t\t\t\t\t<div class=\"e-con-inner\">\n\t\t<div class=\"elementor-element elementor-element-822a690 e-con-full e-flex e-con e-child\" data-id=\"822a690\" data-element_type=\"container\" data-e-type=\"container\">\n\t\t\t\t<div class=\"elementor-element elementor-element-542f59e elementor-widget elementor-widget-heading\" data-id=\"542f59e\" data-element_type=\"widget\" data-e-type=\"widget\" data-widget_type=\"heading.default\">\n\t\t\t\t\t<h2 class=\"elementor-heading-title elementor-size-default\">O nas - Historia terapii GIGER\u00ae MD\u00ae: innowacyjno\u015b\u0107 i do\u015bwiadczenie od ponad 40 lat.<\/h2>\t\t\t\t<\/div>\n\t\t\t\t<div class=\"elementor-element elementor-element-2fe9800 elementor-widget elementor-widget-text-editor\" data-id=\"2fe9800\" data-element_type=\"widget\" data-e-type=\"widget\" data-widget_type=\"text-editor.default\">\n\t\t\t\t\t\t\t\t\t<p>Od <strong>skromne pocz\u0105tki<\/strong> do <strong>Dzisiejsza terapia oparta na naukowych podstawach<\/strong>. Od <strong>ponad cztery dekady <\/strong>jeste\u015bmy zaanga\u017cowani <strong>z pasj\u0105 do poprawy jako\u015bci \u017cycia os\u00f3b z chorobami neurologicznymi<\/strong>. Nasza podr\u00f3\u017c charakteryzuje si\u0119 <strong>Ci\u0105g\u0142e badania, zaanga\u017cowanie rodziny<\/strong> i <strong>niezachwiana wiara w potencja\u0142 ka\u017cdej jednostki<\/strong>.<\/p>\t\t\t\t\t\t\t\t<\/div>\n\t\t\t\t<div class=\"elementor-element elementor-element-1ca387d elementor-widget elementor-widget-heading\" data-id=\"1ca387d\" data-element_type=\"widget\" data-e-type=\"widget\" data-widget_type=\"heading.default\">\n\t\t\t\t\t<h3 class=\"elementor-heading-title elementor-size-default\">Wizja i misja<\/h3>\t\t\t\t<\/div>\n\t\t\t\t<div class=\"elementor-element elementor-element-c66cc8c elementor-widget elementor-widget-text-editor\" data-id=\"c66cc8c\" data-element_type=\"widget\" data-e-type=\"widget\" data-widget_type=\"text-editor.default\">\n\t\t\t\t\t\t\t\t\t<p>Nasz <strong>Wizja<\/strong> to \u015bwiat, w kt\u00f3rym <strong>Osoby z wyzwaniami neurologicznymi<\/strong> poprzez<strong> Innowacyjne podej\u015bcia terapeutyczne<\/strong> mog\u0105 w pe\u0142ni wykorzysta\u0107 sw\u00f3j potencja\u0142. Nasz\u0105 misj\u0105 jest, <strong>Terapia GIGER\u00ae MD\u00ae jako wiod\u0105cy<\/strong>,<strong> Metoda potwierdzona naukowo<\/strong> ustanowi\u0107, <strong>nadzieja, post\u0119p i lepsza jako\u015b\u0107 \u017cycia pacjent\u00f3w na ca\u0142ym \u015bwiecie<\/strong> oferty.<\/p>\t\t\t\t\t\t\t\t<\/div>\n\t\t<div class=\"elementor-element elementor-element-2271b3d e-con-full e-flex e-con e-child\" data-id=\"2271b3d\" data-element_type=\"container\" data-e-type=\"container\">\n\t\t\t\t<div class=\"elementor-element elementor-element-8ba523f elementor-widget elementor-widget-image\" data-id=\"8ba523f\" data-element_type=\"widget\" data-e-type=\"widget\" data-widget_type=\"image.default\">\n\t\t\t\t\t\t\t\t\t\t\t\t\t\t\t\t<a href=\"https:\/\/www.parkinson-hotline.com\/pl\/therapie\/\">\n\t\t\t\t\t\t\t<img fetchpriority=\"high\" decoding=\"async\" width=\"1024\" height=\"682\" src=\"https:\/\/www.parkinson-hotline.com\/wp-content\/uploads\/2026\/01\/bild-uber-uns-01.jpg\" class=\"attachment-full size-full wp-image-65934\" alt=\"\" srcset=\"https:\/\/www.parkinson-hotline.com\/wp-content\/uploads\/2026\/01\/bild-uber-uns-01.jpg 1024w, https:\/\/www.parkinson-hotline.com\/wp-content\/uploads\/2026\/01\/bild-uber-uns-01-300x200.jpg 300w, https:\/\/www.parkinson-hotline.com\/wp-content\/uploads\/2026\/01\/bild-uber-uns-01-768x512.jpg 768w\" sizes=\"(max-width: 1024px) 100vw, 1024px\" \/>\t\t\t\t\t\t\t\t<\/a>\n\t\t\t\t\t\t\t\t\t\t\t\t\t\t\t<\/div>\n\t\t\t\t<\/div>\n\t\t\t\t<div class=\"elementor-element elementor-element-9dc463a elementor-widget elementor-widget-text-editor\" data-id=\"9dc463a\" data-element_type=\"widget\" data-e-type=\"widget\" data-widget_type=\"text-editor.default\">\n\t\t\t\t\t\t\t\t\t<p><em>Le\u017c\u0105c: Za\u0142o\u017cycielka Sonja Giger z synem, obecnym dyrektorem zarz\u0105dzaj\u0105cym Adrianem Gigerem i wnukiem<\/em><\/p>\t\t\t\t\t\t\t\t<\/div>\n\t\t\t\t<div class=\"elementor-element elementor-element-5b1606b elementor-widget elementor-widget-heading\" data-id=\"5b1606b\" data-element_type=\"widget\" data-e-type=\"widget\" data-widget_type=\"heading.default\">\n\t\t\t\t\t<h3 class=\"elementor-heading-title elementor-size-default\">Rodzina za\u0142o\u017cycielska<\/h3>\t\t\t\t<\/div>\n\t\t\t\t<div class=\"elementor-element elementor-element-6ce18df elementor-widget elementor-widget-text-editor\" data-id=\"6ce18df\" data-element_type=\"widget\" data-e-type=\"widget\" data-widget_type=\"text-editor.default\">\n\t\t\t\t\t\t\t\t\t<p><strong>Pasja do innowacji<\/strong><br \/><br \/>Historia GIGER\u00ae MD\u00ae nie rozpocz\u0119\u0142a si\u0119 w laboratorium, ale od <strong>G\u0142\u0119bokie pragnienie pomagania ludziom<\/strong>, dla kt\u00f3rych by\u0142y <strong>Niewielka nadzieja na popraw\u0119<\/strong> da\u0142. W <strong>wczesne lata 80<\/strong> po\u0142o\u017cy\u0142 <strong>Rodzina Giger<\/strong> w <strong>Kamie\u0144 w\u0119gielny pod rewolucyjn\u0105 form\u0119 terapii<\/strong>. Ze wzgl\u0119du na przypadek <strong>SM w rodzinie<\/strong>, Sk\u0105d jeste\u015b? <strong>osobiste zaanga\u017cowanie i ciekawo\u015b\u0107 naukowa<\/strong> i opracowa\u0142 <strong>pierwsze prototypy instrument\u00f3w terapeutycznych<\/strong>. Ich celem by\u0142o <strong>uk\u0142ad nerwowy poprzez ukierunkowane<\/strong>, <strong>aby na nowo stymulowa\u0107 rytmiczne ruchy<\/strong> - podej\u015bcie, kt\u00f3re w tamtym czasie <strong>Daleko przed swoimi czasami<\/strong> by\u0142.<\/p>\t\t\t\t\t\t\t\t<\/div>\n\t\t\t\t<div class=\"elementor-element elementor-element-e7a16bc elementor-align-center elementor-widget elementor-widget-button\" data-id=\"e7a16bc\" data-element_type=\"widget\" data-e-type=\"widget\" data-widget_type=\"button.default\">\n\t\t\t\t\t\t\t\t\t\t<a class=\"elementor-button elementor-button-link elementor-size-sm elementor-animation-bob\" href=\"https:\/\/www.parkinson-hotline.com\/pl\/kontakt\/\">\n\t\t\t\t\t\t<span class=\"elementor-button-content-wrapper\">\n\t\t\t\t\t\t\t\t\t<span class=\"elementor-button-text\">Dowiedz si\u0119 wi\u0119cej ju\u017c teraz!<\/span>\n\t\t\t\t\t<\/span>\n\t\t\t\t\t<\/a>\n\t\t\t\t\t\t\t\t<\/div>\n\t\t\t\t<\/div>\n\t\t\t\t\t<\/div>\n\t\t\t\t<\/div>\n\t\t\t\t<\/div>","protected":false},"excerpt":{"rendered":"<p>\u00dcber uns \u2013 Die Geschichte der GIGER\u00ae MD\u00ae Therapie: Innovation und Erfahrung seit \u00fcber 40 Jahren. Von den bescheidenen Anf\u00e4ngen bis zur heutigen wissenschaftlich fundierten Therapie. Seit \u00fcber vier Jahrzehnten engagieren wir uns mit Leidenschaft f\u00fcr die Verbesserung der Lebensqualit\u00e4t von Menschen mit neurologischen Erkrankungen. Unsere Reise ist gepr\u00e4gt von kontinuierlicher Forschung, famili\u00e4rem Engagement und [&hellip;]<\/p>\n","protected":false},"author":1,"featured_media":0,"parent":0,"menu_order":0,"comment_status":"closed","ping_status":"closed","template":"","meta":{"inline_featured_image":false,"footnotes":""},"class_list":["post-64949","page","type-page","status-publish","hentry"],"_links":{"self":[{"href":"https:\/\/www.parkinson-hotline.com\/pl\/wp-json\/wp\/v2\/pages\/64949","targetHints":{"allow":["GET"]}}],"collection":[{"href":"https:\/\/www.parkinson-hotline.com\/pl\/wp-json\/wp\/v2\/pages"}],"about":[{"href":"https:\/\/www.parkinson-hotline.com\/pl\/wp-json\/wp\/v2\/types\/page"}],"author":[{"embeddable":true,"href":"https:\/\/www.parkinson-hotline.com\/pl\/wp-json\/wp\/v2\/users\/1"}],"replies":[{"embeddable":true,"href":"https:\/\/www.parkinson-hotline.com\/pl\/wp-json\/wp\/v2\/comments?post=64949"}],"version-history":[{"count":27,"href":"https:\/\/www.parkinson-hotline.com\/pl\/wp-json\/wp\/v2\/pages\/64949\/revisions"}],"predecessor-version":[{"id":66739,"href":"https:\/\/www.parkinson-hotline.com\/pl\/wp-json\/wp\/v2\/pages\/64949\/revisions\/66739"}],"wp:attachment":[{"href":"https:\/\/www.parkinson-hotline.com\/pl\/wp-json\/wp\/v2\/media?parent=64949"}],"curies":[{"name":"wp","href":"https:\/\/api.w.org\/{rel}","templated":true}]}}