{"id":11,"date":"2016-03-23T13:36:44","date_gmt":"2016-03-23T13:36:44","guid":{"rendered":"http:\/\/gigermdneu.malta2956.startdedicated.de\/?page_id=11"},"modified":"2026-01-13T03:45:28","modified_gmt":"2026-01-13T02:45:28","slug":"contact-2","status":"publish","type":"page","link":"https:\/\/www.parkinson-hotline.com\/ro\/kontakt\/","title":{"rendered":"Contacta\u021bi-ne"},"content":{"rendered":"<div data-elementor-type=\"wp-page\" data-elementor-id=\"11\" class=\"elementor elementor-11\" data-elementor-post-type=\"page\">\n\t\t\t\t<div class=\"elementor-element elementor-element-2255f7e5 e-con-full e-flex e-con e-parent\" data-id=\"2255f7e5\" data-element_type=\"container\" data-e-type=\"container\" data-settings=\"{&quot;background_background&quot;:&quot;classic&quot;}\">\n\t\t<div class=\"elementor-element elementor-element-fbbf3ab e-con-full e-flex e-con e-child\" data-id=\"fbbf3ab\" data-element_type=\"container\" data-e-type=\"container\" data-settings=\"{&quot;background_background&quot;:&quot;classic&quot;}\">\n\t\t<div class=\"elementor-element elementor-element-d51c5d9 e-con-full e-flex e-con e-child\" data-id=\"d51c5d9\" data-element_type=\"container\" data-e-type=\"container\" data-settings=\"{&quot;background_background&quot;:&quot;classic&quot;}\">\n\t\t\t\t<div class=\"elementor-element elementor-element-eacb101 elementor-widget elementor-widget-heading\" data-id=\"eacb101\" data-element_type=\"widget\" data-e-type=\"widget\" data-widget_type=\"heading.default\">\n\t\t\t\t\t<h2 class=\"elementor-heading-title elementor-size-default\">F\u0103 primul pas!<\/h2>\t\t\t\t<\/div>\n\t\t\t\t<div class=\"elementor-element elementor-element-b8b4934 elementor-widget elementor-widget-text-editor\" data-id=\"b8b4934\" data-element_type=\"widget\" data-e-type=\"widget\" data-widget_type=\"text-editor.default\">\n\t\t\t\t\t\t\t\t\t<p style=\"text-align: center;\">Solicita\u021bi acum o consulta\u021bie f\u0103r\u0103 obliga\u021bii \u0219i afla\u021bi cum terapia GIGER\u00ae MD\u00ae v\u0103 poate ajuta pe dvs. \u0219i pe cei dragi. Pur \u0219i simplu completa\u021bi formularul \u0219i v\u0103 vom r\u0103spunde.<\/p>\t\t\t\t\t\t\t\t<\/div>\n\t\t\t\t<div class=\"elementor-element elementor-element-8d9a1cb elementor-widget__width-inherit ph-contact-form elementor-widget elementor-widget-shortcode\" data-id=\"8d9a1cb\" data-element_type=\"widget\" data-e-type=\"widget\" data-widget_type=\"shortcode.default\">\n\t\t\t\t\t\t\t<div class=\"elementor-shortcode\">\n<div class=\"wpcf7 no-js\" id=\"wpcf7-f335-o1\" lang=\"de-DE\" dir=\"ltr\" data-wpcf7-id=\"335\">\n<div class=\"screen-reader-response\"><p role=\"status\" aria-live=\"polite\" aria-atomic=\"true\"><\/p> <ul><\/ul><\/div>\n<form action=\"\/ro\/wp-json\/wp\/v2\/pages\/11#wpcf7-f335-o1\" method=\"post\" class=\"wpcf7-form init\" aria-label=\"Kontaktformular\" novalidate=\"novalidate\" data-status=\"init\" data-trp-original-action=\"\/ro\/wp-json\/wp\/v2\/pages\/11#wpcf7-f335-o1\">\n<fieldset class=\"hidden-fields-container\"><input type=\"hidden\" name=\"_wpcf7\" value=\"335\" \/><input type=\"hidden\" name=\"_wpcf7_version\" value=\"6.1.6\" \/><input type=\"hidden\" name=\"_wpcf7_locale\" value=\"de_DE\" \/><input type=\"hidden\" name=\"_wpcf7_unit_tag\" value=\"wpcf7-f335-o1\" \/><input type=\"hidden\" name=\"_wpcf7_container_post\" value=\"0\" \/><input type=\"hidden\" name=\"_wpcf7_posted_data_hash\" value=\"\" \/>\n<\/fieldset>\n<p><label>Ce putem face pentru dumneavoastr\u0103?<br \/>\n<span class=\"wpcf7-form-control-wrap\" data-name=\"anliegen\"><select class=\"wpcf7-form-control wpcf7-select wpcf7-validates-as-required\" aria-required=\"true\" aria-invalid=\"false\" name=\"anliegen\"><option value=\"Informationsmaterialien erhalten\">Primi\u021bi materiale informative<\/option><option value=\"Termin ausmachen\">Face\u021bi o programare<\/option><\/select><\/span><br \/>\n<\/label><br \/>\n<label>Salutare*<br \/>\n<span class=\"wpcf7-form-control-wrap\" data-name=\"anrede\"><select class=\"wpcf7-form-control wpcf7-select wpcf7-validates-as-required\" aria-required=\"true\" aria-invalid=\"false\" name=\"anrede\"><option value=\"Bitte w\u00e4hlen ...\">V\u0103 rug\u0103m s\u0103 selecta\u021bi ...<\/option><option value=\"Herr\">Dl<\/option><option value=\"Frau\">Doamn\u0103<\/option><option value=\"Keine Angabe\">Nu este specificat<\/option><\/select><\/span><br \/>\n<\/label><br \/>\n<label>Compania<br \/>\n<span class=\"wpcf7-form-control-wrap\" data-name=\"firma\"><input size=\"40\" maxlength=\"400\" class=\"wpcf7-form-control wpcf7-text\" aria-invalid=\"false\" value=\"\" type=\"text\" name=\"firma\" \/><\/span><br \/>\n<\/label><br \/>\n<label>Prenumele*<br \/>\n<span class=\"wpcf7-form-control-wrap\" data-name=\"vorname\"><input size=\"40\" maxlength=\"400\" class=\"wpcf7-form-control wpcf7-text wpcf7-validates-as-required\" autocomplete=\"given-name\" aria-required=\"true\" aria-invalid=\"false\" value=\"\" type=\"text\" name=\"vorname\" \/><\/span><br \/>\n<\/label><br \/>\n<label>Numele de familie*<br \/>\n<span class=\"wpcf7-form-control-wrap\" data-name=\"nachname\"><input size=\"40\" maxlength=\"400\" class=\"wpcf7-form-control wpcf7-text wpcf7-validates-as-required\" autocomplete=\"family-name\" aria-required=\"true\" aria-invalid=\"false\" value=\"\" type=\"text\" name=\"nachname\" \/><\/span><br \/>\n<\/label><br \/>\n<label>Strada \u0219i num\u0103rul casei*<br \/>\n<span class=\"wpcf7-form-control-wrap\" data-name=\"strasse\"><input size=\"40\" maxlength=\"400\" class=\"wpcf7-form-control wpcf7-text wpcf7-validates-as-required\" aria-required=\"true\" aria-invalid=\"false\" value=\"\" type=\"text\" name=\"strasse\" \/><\/span><br \/>\n<\/label><br \/>\n<label>Locul*<br \/>\n<span class=\"wpcf7-form-control-wrap\" data-name=\"ort\"><input size=\"40\" maxlength=\"400\" class=\"wpcf7-form-control wpcf7-text wpcf7-validates-as-required\" aria-required=\"true\" aria-invalid=\"false\" value=\"\" type=\"text\" name=\"ort\" \/><\/span><br \/>\n<\/label><br \/>\n<label>COD PO\u0218TAL*<br \/>\n<span class=\"wpcf7-form-control-wrap\" data-name=\"plz\"><input size=\"40\" maxlength=\"400\" class=\"wpcf7-form-control wpcf7-text wpcf7-validates-as-required\" aria-required=\"true\" aria-invalid=\"false\" value=\"\" type=\"text\" name=\"plz\" \/><\/span><br \/>\n<\/label><br \/>\n<label>Stat<br \/>\n<span class=\"wpcf7-form-control-wrap\" data-name=\"staat\"><input size=\"40\" maxlength=\"400\" class=\"wpcf7-form-control wpcf7-text\" aria-invalid=\"false\" value=\"\" type=\"text\" name=\"staat\" \/><\/span><br \/>\n<\/label><br \/>\n<label>\u021aara*<br \/>\n<span class=\"wpcf7-form-control-wrap\" data-name=\"land\"><select class=\"wpcf7-form-control wpcf7-select wpcf7-validates-as-required\" aria-required=\"true\" aria-invalid=\"false\" name=\"land\"><option value=\"Bitte w\u00e4hlen ...\">V\u0103 rug\u0103m s\u0103 selecta\u021bi ...<\/option><option value=\"Schweiz\">Elve\u021bia<\/option><option value=\"Deutschland\">Germania<\/option><option value=\"\u00d6sterreich\">Austria<\/option><option value=\"Liechtenstein\">Liechtenstein<\/option><option value=\"\u00c4gypten\">Egipt<\/option><option value=\"Albanien\">Albania<\/option><option value=\"Algerien\">Algeria<\/option><option value=\"Argentinien\">Argentina<\/option><option value=\"Australien\">Australia<\/option><option value=\"Bahrain\">Bahrain<\/option><option value=\"Bangladesch\">Bangladesh<\/option><option value=\"Belgien\">Belgia<\/option><option value=\"Bolivien\">Bolivia<\/option><option value=\"Bosnien und Herzegowina\">Bosnia \u0219i Her\u021begovina<\/option><option value=\"Brasilien\">Brazilia<\/option><option value=\"Bulgarien\">Bulgaria<\/option><option value=\"Chile\">Chile<\/option><option value=\"China\">China<\/option><option value=\"D\u00e4nemark\">Danemarca<\/option><option value=\"Ecuador\">Ecuador<\/option><option value=\"Estland\">Estonia<\/option><option value=\"\u00c4thiopien\">Etiopia<\/option><option value=\"Finnland\">Finlanda<\/option><option value=\"Frankreich\">Fran\u021ba<\/option><option value=\"Ghana\">Ghana<\/option><option value=\"Griechenland\">Grecia<\/option><option value=\"Grossbritannien\">Marea Britanie<\/option><option value=\"Indien\">India<\/option><option value=\"Indonesien\">Indonezia<\/option><option value=\"Irak\">Irak<\/option><option value=\"Iran\">Iran<\/option><option value=\"Irland\">Irlanda<\/option><option value=\"Island\">Islanda<\/option><option value=\"Israel\">Israel<\/option><option value=\"Italien\">Italia<\/option><option value=\"Japan\">Japonia<\/option><option value=\"Jordanien\">Iordania<\/option><option value=\"Kanada\">Canada<\/option><option value=\"Katar\">Qatar<\/option><option value=\"Kenia\">Kenya<\/option><option value=\"Kolumbien\">Columbia<\/option><option value=\"Kosovo\">Kosovo<\/option><option value=\"Kroatien\">Croa\u021bia<\/option><option value=\"Kuwait\">Kuwait<\/option><option value=\"Lettland\">Letonia<\/option><option value=\"Libanon\">Liban<\/option><option value=\"Libyen\">Libia<\/option><option value=\"Litauen\">Lituania<\/option><option value=\"Luxemburg\">Luxemburg<\/option><option value=\"Malaysia\">Malaezia<\/option><option value=\"Malta\">Malta<\/option><option value=\"Marokko\">Maroc<\/option><option value=\"Mexiko\">Mexic<\/option><option value=\"Moldau\">Moldova<\/option><option value=\"Montenegro\">Muntenegru<\/option><option value=\"Neuseeland\">Noua Zeeland\u0103<\/option><option value=\"Niederlande\">\u021a\u0103rile de Jos<\/option><option value=\"Nigeria\">Nigeria<\/option><option value=\"Nordmazedonien\">Macedonia de Nord<\/option><option value=\"Norwegen\">Norvegia<\/option><option value=\"Oman\">Oman<\/option><option value=\"Pakistan\">Pakistan<\/option><option value=\"Paraguay\">Paraguay<\/option><option value=\"Peru\">Peru<\/option><option value=\"Philippinen\">Filipine<\/option><option value=\"Polen\">Polonia<\/option><option value=\"Portugal\">Portugalia<\/option><option value=\"Rum\u00e4nien\">Rom\u00e2nia<\/option><option value=\"Russland\">Rusia<\/option><option value=\"Saudi-Arabien\">Arabia Saudit\u0103<\/option><option value=\"Schweden\">Suedia<\/option><option value=\"Serbien\">Serbia<\/option><option value=\"Singapur\">Singapore<\/option><option value=\"Slowakei\">Slovacia<\/option><option value=\"Slowenien\">Slovenia<\/option><option value=\"Spanien\">Spania<\/option><option value=\"Sri Lanka\">Sri Lanka<\/option><option value=\"S\u00fcdafrika\">Africa de Sud<\/option><option value=\"S\u00fcdkorea\">Coreea de Sud<\/option><option value=\"Syrien\">Siria<\/option><option value=\"Thailand\">Thailanda<\/option><option value=\"Tschechien\">Republica Ceh\u0103<\/option><option value=\"Tunesien\">Tunisia<\/option><option value=\"T\u00fcrkei\">Turcia<\/option><option value=\"Ukraine\">Ucraina<\/option><option value=\"Ungarn\">Ungaria<\/option><option value=\"Uruguay\">Uruguay<\/option><option value=\"USA\">SUA<\/option><option value=\"Venezuela\">Venezuela<\/option><option value=\"Vereinigte Arabische Emirate\">Emiratele Arabe Unite<\/option><option value=\"Vietnam\">Vietnam<\/option><option value=\"Weissrussland\">Belarus<\/option><option value=\"Jemen\">Yemen<\/option><option value=\"Zypern\">Cipru<\/option><option value=\"Anderes Land\">Alt\u0103 \u021bar\u0103<\/option><\/select><\/span><br \/>\n<\/label><br \/>\n<label>Telefon*<br \/>\n<span class=\"wpcf7-form-control-wrap\" data-name=\"telefon\"><input size=\"40\" maxlength=\"400\" class=\"wpcf7-form-control wpcf7-tel wpcf7-validates-as-required wpcf7-text wpcf7-validates-as-tel\" autocomplete=\"tel\" aria-required=\"true\" aria-invalid=\"false\" value=\"\" type=\"tel\" name=\"telefon\" \/><\/span><br \/>\n<\/label><br \/>\n<label>e-mail*<br \/>\n<span class=\"wpcf7-form-control-wrap\" data-name=\"email\"><input size=\"40\" maxlength=\"400\" class=\"wpcf7-form-control wpcf7-email wpcf7-validates-as-required wpcf7-text wpcf7-validates-as-email\" autocomplete=\"email\" aria-required=\"true\" aria-invalid=\"false\" value=\"\" type=\"email\" name=\"email\" \/><\/span><br \/>\n<\/label><br \/>\n<label>Observa\u021bii<br \/>\n<span class=\"wpcf7-form-control-wrap\" data-name=\"bemerkungen\"><textarea cols=\"40\" rows=\"10\" maxlength=\"2000\" class=\"wpcf7-form-control wpcf7-textarea\" aria-invalid=\"false\" name=\"bemerkungen\"><\/textarea><\/span><br \/>\n<\/label><br \/>\n<span class=\"wpcf7-form-control-wrap\" data-name=\"datenschutz\"><span class=\"wpcf7-form-control wpcf7-acceptance\"><span class=\"wpcf7-list-item\"><label><input type=\"checkbox\" name=\"datenschutz\" value=\"1\" aria-invalid=\"false\" \/><span class=\"wpcf7-list-item-label\">Sunt de acord ca datele mele s\u0103 fie utilizate \u00een scopul contact\u0103rii \u0219i consilierii.<\/span><\/label><\/span><\/span><\/span><br \/>\n<span id=\"wpcf7-6a07f6da0e4ad-wrapper\" class=\"wpcf7-form-control-wrap honeypot-field-wrap\" style=\"display: block;\t\t    width: 0px;\t\t    height: 0px;\t\t    padding: 0px;\t\t    border: 1px solid transparent;\t\t    display: block;\t\t    overflow: hidden;\t\t    \"><input type=\"hidden\" name=\"honeypot-field-random-hash\" value=\"34703608\"><label\n\t\t    for=\"wpcf7-6a07f6da0e4ad-field\"\n\t\t    class=\"hp-message\"\n        >Bitte lasse dieses Feld leer.<\/label><input\n\t    id=\"wpcf7-6a07f6da0e4ad-field\"\n\t    \n\t    class=\"wpcf7-form-control wpcf7-text\"\n\t    type=\"text\"\n\t    name=\"ti1orr6c3nyn\"\n\t    value=\"\"\n\t    size=\"40\"\n\t    autocomplete=\"new-password\"\n\t    tabindex=\"1000\"\n    \/><\/span><br \/>\n<input class=\"wpcf7-form-control wpcf7-submit has-spinner\" type=\"submit\" value=\"Trimite cerere de informa\u021bii\" \/>\n<\/p><div class=\"wpcf7-response-output\" aria-hidden=\"true\"><\/div>\n<input type=\"hidden\" name=\"trp-form-language\" value=\"ro\"\/><\/form>\n<\/div>\n<\/div>\n\t\t\t\t\t\t<\/div>\n\t\t\t\t<\/div>\n\t\t\t\t<\/div>\n\t\t\t\t<\/div>\n\t\t\t\t<\/div>","protected":false},"excerpt":{"rendered":"<p>Machen Sie den ersten Schritt! Fordern Sie jetzt eine unverbindliche Beratung an und erfahren Sie, wie die GIGER\u00ae MD\u00ae Therapie auch Ihnen und Ihren Liebsten weiterhelfen kann. F\u00fcllen Sie einfach das Formular aus und wir melden uns bei Ihnen.<\/p>","protected":false},"author":1,"featured_media":0,"parent":0,"menu_order":0,"comment_status":"closed","ping_status":"closed","template":"","meta":{"inline_featured_image":false,"footnotes":""},"class_list":["post-11","page","type-page","status-publish","hentry"],"_links":{"self":[{"href":"https:\/\/www.parkinson-hotline.com\/ro\/wp-json\/wp\/v2\/pages\/11","targetHints":{"allow":["GET"]}}],"collection":[{"href":"https:\/\/www.parkinson-hotline.com\/ro\/wp-json\/wp\/v2\/pages"}],"about":[{"href":"https:\/\/www.parkinson-hotline.com\/ro\/wp-json\/wp\/v2\/types\/page"}],"author":[{"embeddable":true,"href":"https:\/\/www.parkinson-hotline.com\/ro\/wp-json\/wp\/v2\/users\/1"}],"replies":[{"embeddable":true,"href":"https:\/\/www.parkinson-hotline.com\/ro\/wp-json\/wp\/v2\/comments?post=11"}],"version-history":[{"count":6,"href":"https:\/\/www.parkinson-hotline.com\/ro\/wp-json\/wp\/v2\/pages\/11\/revisions"}],"predecessor-version":[{"id":66041,"href":"https:\/\/www.parkinson-hotline.com\/ro\/wp-json\/wp\/v2\/pages\/11\/revisions\/66041"}],"wp:attachment":[{"href":"https:\/\/www.parkinson-hotline.com\/ro\/wp-json\/wp\/v2\/media?parent=11"}],"curies":[{"name":"wp","href":"https:\/\/api.w.org\/{rel}","templated":true}]}}