{"id":64949,"date":"2025-12-26T05:12:47","date_gmt":"2025-12-26T04:12:47","guid":{"rendered":"https:\/\/www.parkinson-hotline.com\/?page_id=64949"},"modified":"2026-03-07T04:30:00","modified_gmt":"2026-03-07T03:30:00","slug":"o-nas","status":"publish","type":"page","link":"https:\/\/www.parkinson-hotline.com\/sl\/ueber-uns\/","title":{"rendered":"O nas"},"content":{"rendered":"<div data-elementor-type=\"wp-page\" data-elementor-id=\"64949\" class=\"elementor elementor-64949\" data-elementor-post-type=\"page\">\n\t\t\t\t<div class=\"elementor-element elementor-element-0309262 e-flex e-con-boxed e-con e-parent\" data-id=\"0309262\" data-element_type=\"container\" data-e-type=\"container\">\n\t\t\t\t\t<div class=\"e-con-inner\">\n\t\t<div class=\"elementor-element elementor-element-822a690 e-con-full e-flex e-con e-child\" data-id=\"822a690\" data-element_type=\"container\" data-e-type=\"container\">\n\t\t\t\t<div class=\"elementor-element elementor-element-542f59e elementor-widget elementor-widget-heading\" data-id=\"542f59e\" data-element_type=\"widget\" data-e-type=\"widget\" data-widget_type=\"heading.default\">\n\t\t\t\t\t<h2 class=\"elementor-heading-title elementor-size-default\">O nas - Zgodovina terapije GIGER\u00ae MD\u00ae: inovacije in izku\u0161nje \u017ee ve\u010d kot 40 let.<\/h2>\t\t\t\t<\/div>\n\t\t\t\t<div class=\"elementor-element elementor-element-2fe9800 elementor-widget elementor-widget-text-editor\" data-id=\"2fe9800\" data-element_type=\"widget\" data-e-type=\"widget\" data-widget_type=\"text-editor.default\">\n\t\t\t\t\t\t\t\t\t<p>Od <strong>skromni za\u010detki<\/strong> do <strong>dana\u0161nja znanstveno utemeljena terapija<\/strong>. Ker <strong>ve\u010d kot \u0161tiri desetletja <\/strong>smo zavezani <strong>s strastjo do izbolj\u0161anja kakovosti \u017eivljenja ljudi z nevrolo\u0161kimi boleznimi<\/strong>. Za na\u0161e potovanje so zna\u010dilni <strong>Nenehno raziskovanje, dru\u017einska zavezanost<\/strong> in <strong>neomajno vero v potencial vsakega posameznika.<\/strong>.<\/p>\t\t\t\t\t\t\t\t<\/div>\n\t\t\t\t<div class=\"elementor-element elementor-element-1ca387d elementor-widget elementor-widget-heading\" data-id=\"1ca387d\" data-element_type=\"widget\" data-e-type=\"widget\" data-widget_type=\"heading.default\">\n\t\t\t\t\t<h3 class=\"elementor-heading-title elementor-size-default\">Vizija in poslanstvo<\/h3>\t\t\t\t<\/div>\n\t\t\t\t<div class=\"elementor-element elementor-element-c66cc8c elementor-widget elementor-widget-text-editor\" data-id=\"c66cc8c\" data-element_type=\"widget\" data-e-type=\"widget\" data-widget_type=\"text-editor.default\">\n\t\t\t\t\t\t\t\t\t<p>Na\u0161 <strong>Vizija<\/strong> je svet, v katerem <strong>Osebe z nevrolo\u0161kimi te\u017eavami<\/strong> prek spletne strani .<strong> Inovativni terapevtski pristopi<\/strong> lahko uresni\u010dijo svoj polni potencial. Na\u0161e poslanstvo je, <strong>Terapija GIGER\u00ae MD\u00ae kot vodilna<\/strong>,<strong> Znanstveno potrjena metoda<\/strong> vzpostaviti, <strong>bolnikom po vsem svetu upanje, napredek in bolj\u0161o kakovost \u017eivljenja.<\/strong> ponudbe.<\/p>\t\t\t\t\t\t\t\t<\/div>\n\t\t<div class=\"elementor-element elementor-element-2271b3d e-con-full e-flex e-con e-child\" data-id=\"2271b3d\" data-element_type=\"container\" data-e-type=\"container\">\n\t\t\t\t<div class=\"elementor-element elementor-element-8ba523f elementor-widget elementor-widget-image\" data-id=\"8ba523f\" data-element_type=\"widget\" data-e-type=\"widget\" data-widget_type=\"image.default\">\n\t\t\t\t\t\t\t\t\t\t\t\t\t\t\t\t<a href=\"https:\/\/www.parkinson-hotline.com\/sl\/therapie\/\">\n\t\t\t\t\t\t\t<img fetchpriority=\"high\" decoding=\"async\" width=\"1024\" height=\"682\" src=\"https:\/\/www.parkinson-hotline.com\/wp-content\/uploads\/2026\/01\/bild-uber-uns-01.jpg\" class=\"attachment-full size-full wp-image-65934\" alt=\"\" srcset=\"https:\/\/www.parkinson-hotline.com\/wp-content\/uploads\/2026\/01\/bild-uber-uns-01.jpg 1024w, https:\/\/www.parkinson-hotline.com\/wp-content\/uploads\/2026\/01\/bild-uber-uns-01-300x200.jpg 300w, https:\/\/www.parkinson-hotline.com\/wp-content\/uploads\/2026\/01\/bild-uber-uns-01-768x512.jpg 768w\" sizes=\"(max-width: 1024px) 100vw, 1024px\" \/>\t\t\t\t\t\t\t\t<\/a>\n\t\t\t\t\t\t\t\t\t\t\t\t\t\t\t<\/div>\n\t\t\t\t<\/div>\n\t\t\t\t<div class=\"elementor-element elementor-element-9dc463a elementor-widget elementor-widget-text-editor\" data-id=\"9dc463a\" data-element_type=\"widget\" data-e-type=\"widget\" data-widget_type=\"text-editor.default\">\n\t\t\t\t\t\t\t\t\t<p><em>Le\u017ee: Ustanoviteljica Sonja Giger s sinom, sedanjim direktorjem Adrianom Gigerjem in vnukom<\/em><\/p>\t\t\t\t\t\t\t\t<\/div>\n\t\t\t\t<div class=\"elementor-element elementor-element-5b1606b elementor-widget elementor-widget-heading\" data-id=\"5b1606b\" data-element_type=\"widget\" data-e-type=\"widget\" data-widget_type=\"heading.default\">\n\t\t\t\t\t<h3 class=\"elementor-heading-title elementor-size-default\">Dru\u017eina ustanoviteljica<\/h3>\t\t\t\t<\/div>\n\t\t\t\t<div class=\"elementor-element elementor-element-6ce18df elementor-widget elementor-widget-text-editor\" data-id=\"6ce18df\" data-element_type=\"widget\" data-e-type=\"widget\" data-widget_type=\"text-editor.default\">\n\t\t\t\t\t\t\t\t\t<p><strong>Strast do inovacij<\/strong><br \/><br \/>Zgodba o GIGER\u00ae MD\u00ae se ne za\u010dne v laboratoriju, temve\u010d z <strong>Globoka \u017eelja pomagati ljudem<\/strong>, za katere je bilo <strong>Malo upanja za izbolj\u0161anje<\/strong> dal. V <strong>za\u010detek osemdesetih let prej\u0161njega stoletja<\/strong> polo\u017eil <strong>Dru\u017eina Giger<\/strong> . <strong>Temeljni kamen za revolucionarno obliko terapije<\/strong>. Zaradi primera <strong>MS v dru\u017eini<\/strong>, ste bili iz <strong>osebna predanost in znanstvena radovednost.<\/strong> in razvil <strong>prvi prototipi terapevtskih instrumentov<\/strong>. Njihov cilj je bil <strong>\u017eiv\u010dnega sistema z usmerjenim<\/strong>, <strong>na novo spodbuditi ritmi\u010dne gibe.<\/strong> - pristop, ki je takrat <strong>Dale\u010d pred svojim \u010dasom<\/strong> je bil.<\/p>\t\t\t\t\t\t\t\t<\/div>\n\t\t\t\t<div class=\"elementor-element elementor-element-e7a16bc elementor-align-center elementor-widget elementor-widget-button\" data-id=\"e7a16bc\" data-element_type=\"widget\" data-e-type=\"widget\" data-widget_type=\"button.default\">\n\t\t\t\t\t\t\t\t\t\t<a class=\"elementor-button elementor-button-link elementor-size-sm elementor-animation-bob\" href=\"https:\/\/www.parkinson-hotline.com\/sl\/kontaktirajte\/\">\n\t\t\t\t\t\t<span class=\"elementor-button-content-wrapper\">\n\t\t\t\t\t\t\t\t\t<span class=\"elementor-button-text\">Izvedite ve\u010d zdaj!<\/span>\n\t\t\t\t\t<\/span>\n\t\t\t\t\t<\/a>\n\t\t\t\t\t\t\t\t<\/div>\n\t\t\t\t<\/div>\n\t\t\t\t\t<\/div>\n\t\t\t\t<\/div>\n\t\t\t\t<\/div>","protected":false},"excerpt":{"rendered":"<p>\u00dcber uns \u2013 Die Geschichte der GIGER\u00ae MD\u00ae Therapie: Innovation und Erfahrung seit \u00fcber 40 Jahren. Von den bescheidenen Anf\u00e4ngen bis zur heutigen wissenschaftlich fundierten Therapie. Seit \u00fcber vier Jahrzehnten engagieren wir uns mit Leidenschaft f\u00fcr die Verbesserung der Lebensqualit\u00e4t von Menschen mit neurologischen Erkrankungen. Unsere Reise ist gepr\u00e4gt von kontinuierlicher Forschung, famili\u00e4rem Engagement und [&hellip;]<\/p>\n","protected":false},"author":1,"featured_media":0,"parent":0,"menu_order":0,"comment_status":"closed","ping_status":"closed","template":"","meta":{"inline_featured_image":false,"footnotes":""},"class_list":["post-64949","page","type-page","status-publish","hentry"],"_links":{"self":[{"href":"https:\/\/www.parkinson-hotline.com\/sl\/wp-json\/wp\/v2\/pages\/64949","targetHints":{"allow":["GET"]}}],"collection":[{"href":"https:\/\/www.parkinson-hotline.com\/sl\/wp-json\/wp\/v2\/pages"}],"about":[{"href":"https:\/\/www.parkinson-hotline.com\/sl\/wp-json\/wp\/v2\/types\/page"}],"author":[{"embeddable":true,"href":"https:\/\/www.parkinson-hotline.com\/sl\/wp-json\/wp\/v2\/users\/1"}],"replies":[{"embeddable":true,"href":"https:\/\/www.parkinson-hotline.com\/sl\/wp-json\/wp\/v2\/comments?post=64949"}],"version-history":[{"count":27,"href":"https:\/\/www.parkinson-hotline.com\/sl\/wp-json\/wp\/v2\/pages\/64949\/revisions"}],"predecessor-version":[{"id":66739,"href":"https:\/\/www.parkinson-hotline.com\/sl\/wp-json\/wp\/v2\/pages\/64949\/revisions\/66739"}],"wp:attachment":[{"href":"https:\/\/www.parkinson-hotline.com\/sl\/wp-json\/wp\/v2\/media?parent=64949"}],"curies":[{"name":"wp","href":"https:\/\/api.w.org\/{rel}","templated":true}]}}