{"id":64949,"date":"2025-12-26T05:12:47","date_gmt":"2025-12-26T04:12:47","guid":{"rendered":"https:\/\/www.parkinson-hotline.com\/?page_id=64949"},"modified":"2026-03-07T04:30:00","modified_gmt":"2026-03-07T03:30:00","slug":"%d0%be-%d0%bd%d0%b0%d0%bc%d0%b0","status":"publish","type":"page","link":"https:\/\/www.parkinson-hotline.com\/sr\/ueber-uns\/","title":{"rendered":"\u041e \u043d\u0430\u043c\u0430"},"content":{"rendered":"<div data-elementor-type=\"wp-page\" data-elementor-id=\"64949\" class=\"elementor elementor-64949\" data-elementor-post-type=\"page\">\n\t\t\t\t<div class=\"elementor-element elementor-element-0309262 e-flex e-con-boxed e-con e-parent\" data-id=\"0309262\" data-element_type=\"container\" data-e-type=\"container\">\n\t\t\t\t\t<div class=\"e-con-inner\">\n\t\t<div class=\"elementor-element elementor-element-822a690 e-con-full e-flex e-con e-child\" data-id=\"822a690\" data-element_type=\"container\" data-e-type=\"container\">\n\t\t\t\t<div class=\"elementor-element elementor-element-542f59e elementor-widget elementor-widget-heading\" data-id=\"542f59e\" data-element_type=\"widget\" data-e-type=\"widget\" data-widget_type=\"heading.default\">\n\t\t\t\t\t<h2 class=\"elementor-heading-title elementor-size-default\">\u041e \u043d\u0430\u043c\u0430 \u2013 \u0418\u0441\u0442\u043e\u0440\u0438\u0458\u0430 GIGER\u00ae MD\u00ae \u0442\u0435\u0440\u0430\u043f\u0438\u0458\u0435: \u0438\u043d\u043e\u0432\u0430\u0446\u0438\u0458\u0435 \u0438 \u0438\u0441\u043a\u0443\u0441\u0442\u0432\u043e \u0432\u0438\u0448\u0435 \u043e\u0434 40 \u0433\u043e\u0434\u0438\u043d\u0430.<\/h2>\t\t\t\t<\/div>\n\t\t\t\t<div class=\"elementor-element elementor-element-2fe9800 elementor-widget elementor-widget-text-editor\" data-id=\"2fe9800\" data-element_type=\"widget\" data-e-type=\"widget\" data-widget_type=\"text-editor.default\">\n\t\t\t\t\t\t\t\t\t<p>\u041e\u0434 <strong>\u0441\u043a\u0440\u043e\u043c\u043d\u0438 \u043f\u043e\u0447\u0435\u0446\u0438<\/strong> \u0434\u043e <strong>\u0434\u0430\u043d\u0430\u0448\u045a\u0430 \u0442\u0435\u0440\u0430\u043f\u0438\u0458\u0430 \u0437\u0430\u0441\u043d\u043e\u0432\u0430\u043d\u0430 \u043d\u0430 \u0434\u043e\u043a\u0430\u0437\u0438\u043c\u0430<\/strong>. \u041f\u043e\u0448\u0442\u043e <strong>\u0432\u0438\u0448\u0435 \u043e\u0434 \u0447\u0435\u0442\u0438\u0440\u0438 \u0434\u0435\u0446\u0435\u043d\u0438\u0458\u0435 <\/strong>\u041c\u0438 \u0441\u043c\u043e \u043f\u043e\u0441\u0432\u0435\u045b\u0435\u043d\u0438 <strong>\u0441\u0430 \u0441\u0442\u0440\u0430\u0448\u045b\u0443 \u0437\u0430 \u0443\u043d\u0430\u043f\u0440\u0435\u0452\u0435\u045a\u0435 \u043a\u0432\u0430\u043b\u0438\u0442\u0435\u0442\u0430 \u0436\u0438\u0432\u043e\u0442\u0430 \u043e\u0441\u043e\u0431\u0430 \u0441\u0430 \u043d\u0435\u0443\u0440\u043e\u043b\u043e\u0448\u043a\u0438\u043c \u0441\u0442\u0430\u045a\u0438\u043c\u0430<\/strong>. \u041d\u0430\u0448\u0435 \u043f\u0443\u0442\u043e\u0432\u0430\u045a\u0435 \u043a\u0430\u0440\u0430\u043a\u0442\u0435\u0440\u0438\u0448\u0443 <strong>\u0442\u0435\u043a\u0443\u045b\u0435 \u0438\u0441\u0442\u0440\u0430\u0436\u0438\u0432\u0430\u045a\u0435, \u043f\u043e\u0440\u043e\u0434\u0438\u0447\u043d\u0430 \u043f\u043e\u0441\u0432\u0435\u045b\u0435\u043d\u043e\u0441\u0442<\/strong> \u0438 <strong>\u043d\u0435\u043f\u043e\u043a\u043e\u043b\u0435\u0431\u0459\u0438\u0432\u043e \u0443\u0432\u0435\u0440\u0435\u045a\u0435 \u0443 \u043f\u043e\u0442\u0435\u043d\u0446\u0438\u0458\u0430\u043b \u0441\u0432\u0430\u043a\u043e\u0433 \u043f\u043e\u0458\u0435\u0434\u0438\u043d\u0446\u0430<\/strong>.<\/p>\t\t\t\t\t\t\t\t<\/div>\n\t\t\t\t<div class=\"elementor-element elementor-element-1ca387d elementor-widget elementor-widget-heading\" data-id=\"1ca387d\" data-element_type=\"widget\" data-e-type=\"widget\" data-widget_type=\"heading.default\">\n\t\t\t\t\t<h3 class=\"elementor-heading-title elementor-size-default\">\u0412\u0438\u0437\u0438\u0458\u0430 \u0438 \u043c\u0438\u0441\u0438\u0458\u0430<\/h3>\t\t\t\t<\/div>\n\t\t\t\t<div class=\"elementor-element elementor-element-c66cc8c elementor-widget elementor-widget-text-editor\" data-id=\"c66cc8c\" data-element_type=\"widget\" data-e-type=\"widget\" data-widget_type=\"text-editor.default\">\n\t\t\t\t\t\t\t\t\t<p>\u041d\u0430\u0448 <strong>\u0412\u0438\u0437\u0438\u0458\u0430<\/strong> \u0458\u0435 \u0441\u0432\u0435\u0442 \u0443 \u043a\u043e\u0458\u0435\u043c <strong>\u0409\u0443\u0434\u0438 \u0441\u0430 \u043d\u0435\u0443\u0440\u043e\u043b\u043e\u0448\u043a\u0438\u043c \u0441\u0442\u0430\u045a\u0438\u043c\u0430<\/strong> \u043a\u0440\u043e\u0437<strong> \u0438\u043d\u043e\u0432\u0430\u0442\u0438\u0432\u043d\u0438 \u0442\u0435\u0440\u0430\u043f\u0438\u0458\u0441\u043a\u0438 \u043f\u0440\u0438\u0441\u0442\u0443\u043f\u0438<\/strong> \u0434\u043e\u0441\u0442\u0438\u0433\u043d\u0443 \u0441\u0432\u043e\u0458 \u043f\u0443\u043d\u0438 \u043f\u043e\u0442\u0435\u043d\u0446\u0438\u0458\u0430\u043b. \u041d\u0430\u0448\u0430 \u043c\u0438\u0441\u0438\u0458\u0430 \u0458\u0435 \u0434\u0430, <strong>GIGER\u00ae MD\u00ae \u0442\u0435\u0440\u0430\u043f\u0438\u0458\u0430 \u043a\u0430\u043e \u0432\u043e\u0434\u0435\u045b\u0430<\/strong>,<strong> \u043d\u0430\u0443\u0447\u043d\u043e \u043f\u043e\u0442\u0432\u0440\u0452\u0435\u043d \u043c\u0435\u0442\u043e\u0434<\/strong> \u0434\u0430 \u0443\u0441\u043f\u043e\u0441\u0442\u0430\u0432\u0438, <strong>\u043d\u0430\u0434\u0430, \u043d\u0430\u043f\u0440\u0435\u0434\u0430\u043a \u0438 \u0431\u043e\u0459\u0438 \u043a\u0432\u0430\u043b\u0438\u0442\u0435\u0442 \u0436\u0438\u0432\u043e\u0442\u0430 \u0437\u0430 \u043f\u0430\u0446\u0438\u0458\u0435\u043d\u0442\u0435 \u0448\u0438\u0440\u043e\u043c \u0441\u0432\u0435\u0442\u0430<\/strong> \u043f\u043e\u043d\u0443\u0434\u0435.<\/p>\t\t\t\t\t\t\t\t<\/div>\n\t\t<div class=\"elementor-element elementor-element-2271b3d e-con-full e-flex e-con e-child\" data-id=\"2271b3d\" data-element_type=\"container\" data-e-type=\"container\">\n\t\t\t\t<div class=\"elementor-element elementor-element-8ba523f elementor-widget elementor-widget-image\" data-id=\"8ba523f\" data-element_type=\"widget\" data-e-type=\"widget\" data-widget_type=\"image.default\">\n\t\t\t\t\t\t\t\t\t\t\t\t\t\t\t\t<a href=\"https:\/\/www.parkinson-hotline.com\/sr\/therapie\/\">\n\t\t\t\t\t\t\t<img fetchpriority=\"high\" decoding=\"async\" width=\"1024\" height=\"682\" src=\"https:\/\/www.parkinson-hotline.com\/wp-content\/uploads\/2026\/01\/bild-uber-uns-01.jpg\" class=\"attachment-full size-full wp-image-65934\" alt=\"\" srcset=\"https:\/\/www.parkinson-hotline.com\/wp-content\/uploads\/2026\/01\/bild-uber-uns-01.jpg 1024w, https:\/\/www.parkinson-hotline.com\/wp-content\/uploads\/2026\/01\/bild-uber-uns-01-300x200.jpg 300w, https:\/\/www.parkinson-hotline.com\/wp-content\/uploads\/2026\/01\/bild-uber-uns-01-768x512.jpg 768w\" sizes=\"(max-width: 1024px) 100vw, 1024px\" \/>\t\t\t\t\t\t\t\t<\/a>\n\t\t\t\t\t\t\t\t\t\t\t\t\t\t\t<\/div>\n\t\t\t\t<\/div>\n\t\t\t\t<div class=\"elementor-element elementor-element-9dc463a elementor-widget elementor-widget-text-editor\" data-id=\"9dc463a\" data-element_type=\"widget\" data-e-type=\"widget\" data-widget_type=\"text-editor.default\">\n\t\t\t\t\t\t\t\t\t<p><em>\u041d\u0430 \u0444\u043e\u0442\u043e\u0433\u0440\u0430\u0444\u0438\u0458\u0438: \u043e\u0441\u043d\u0438\u0432\u0430\u0447\u0438\u0446\u0430 \u0421\u043e\u045a\u0430 \u0413\u0438\u0433\u0435\u0440 \u0441\u0430 \u0441\u0432\u043e\u0458\u0438\u043c \u0441\u0438\u043d\u043e\u043c, \u0442\u0440\u0435\u043d\u0443\u0442\u043d\u0438\u043c \u0438\u0437\u0432\u0440\u0448\u043d\u0438\u043c \u0434\u0438\u0440\u0435\u043a\u0442\u043e\u0440\u043e\u043c \u0433\u043e\u0441\u043f\u043e\u0434\u0438\u043d\u043e\u043c \u0410\u0434\u0440\u0438\u0458\u0430\u043d\u043e\u043c \u0413\u0438\u0433\u0435\u0440\u043e\u043c, \u0438 \u0441\u0432\u043e\u0458\u0438\u043c \u0443\u043d\u0443\u043a\u043e\u043c.<\/em><\/p>\t\t\t\t\t\t\t\t<\/div>\n\t\t\t\t<div class=\"elementor-element elementor-element-5b1606b elementor-widget elementor-widget-heading\" data-id=\"5b1606b\" data-element_type=\"widget\" data-e-type=\"widget\" data-widget_type=\"heading.default\">\n\t\t\t\t\t<h3 class=\"elementor-heading-title elementor-size-default\">\u041e\u0441\u043d\u043e\u0432\u0430\u0447\u043a\u0430 \u043f\u043e\u0440\u043e\u0434\u0438\u0446\u0430<\/h3>\t\t\t\t<\/div>\n\t\t\t\t<div class=\"elementor-element elementor-element-6ce18df elementor-widget elementor-widget-text-editor\" data-id=\"6ce18df\" data-element_type=\"widget\" data-e-type=\"widget\" data-widget_type=\"text-editor.default\">\n\t\t\t\t\t\t\t\t\t<p><strong>\u0421\u0442\u0440\u0430\u0441\u0442 \u043f\u0440\u0435\u043c\u0430 \u0438\u043d\u043e\u0432\u0430\u0446\u0438\u0458\u0430\u043c\u0430<\/strong><br \/><br \/>\u041f\u0440\u0438\u0447\u0430 \u043e GIGER\u00ae MD\u00ae \u043d\u0435 \u043f\u043e\u0447\u0438\u045a\u0435 \u0443 \u043b\u0430\u0431\u043e\u0440\u0430\u0442\u043e\u0440\u0438\u0458\u0438, \u0432\u0435\u045b \u0441\u0430 <strong>\u0434\u0443\u0431\u043e\u043a\u0430 \u0436\u0435\u0459\u0430 \u0434\u0430 \u0441\u0435 \u043f\u043e\u043c\u043e\u0433\u043d\u0435 \u0459\u0443\u0434\u0438\u043c\u0430<\/strong>, \u0437\u0430 \u043a\u043e\u0458\u0435 \u0458\u0435 \u0431\u0438\u043b\u043e <strong>\u043c\u0430\u043b\u0430 \u043d\u0430\u0434\u0430 \u0437\u0430 \u043f\u043e\u0431\u043e\u0459\u0448\u0430\u045a\u0435<\/strong> \u0458\u0435 \u0431\u0438\u043e. \u0423 <strong>\u043f\u043e\u0447\u0435\u0442\u043a\u043e\u043c 1980-\u0438\u0445<\/strong> \u043f\u043e\u043b\u043e\u0436\u0438\u043e \u0458\u0435 <strong>\u041f\u043e\u0440\u043e\u0434\u0438\u0446\u0430 \u0413\u0438\u0433\u0435\u0440<\/strong> den <strong>\u041e\u0441\u043d\u043e\u0432\u0430 \u0437\u0430 \u0440\u0435\u0432\u043e\u043b\u0443\u0446\u0438\u043e\u043d\u0430\u0440\u043d\u0438 \u043e\u0431\u043b\u0438\u043a \u043b\u0435\u0447\u0435\u045a\u0430<\/strong>. \u0417\u0431\u043e\u0433 \u0441\u043b\u0443\u0447\u0430\u0458\u0430 <strong>\u041c\u0421 \u0443 \u043f\u043e\u0440\u043e\u0434\u0438\u0446\u0438<\/strong>, \u0434\u0430 \u043b\u0438 \u0441\u0438 \u0431\u0438\u043e <strong>\u043b\u0438\u0447\u043d\u0430 \u043f\u043e\u0441\u0432\u0435\u045b\u0435\u043d\u043e\u0441\u0442 \u0438 \u043d\u0430\u0443\u0447\u043d\u0430 \u0440\u0430\u0434\u043e\u0437\u043d\u0430\u043b\u043e\u0441\u0442<\/strong> \u0432\u043e\u0434\u0438\u043e \u0438 \u0440\u0430\u0437\u0432\u0438\u0458\u0430\u043e <strong>\u043f\u0440\u0432\u0438 \u043f\u0440\u043e\u0442\u043e\u0442\u0438\u043f\u043e\u0432\u0438 \u0442\u0435\u0440\u0430\u043f\u0435\u0443\u0442\u0441\u043a\u0438\u0445 \u0438\u043d\u0441\u0442\u0440\u0443\u043c\u0435\u043d\u0430\u0442\u0430<\/strong>. \u040a\u0435\u043d \u0446\u0438\u0459 \u0458\u0435 \u0431\u0438\u043e \u0434\u0430 <strong>\u041d\u0435\u0440\u0432\u043d\u0438 \u0441\u0438\u0441\u0442\u0435\u043c \u043a\u0440\u043e\u0437 \u0446\u0438\u0459\u0430\u043d\u043e<\/strong>, <strong>\u0434\u0430 \u043f\u043e\u043d\u043e\u0432\u043e \u0441\u0442\u0438\u043c\u0443\u043b\u0438\u0448\u0435 \u0440\u0438\u0442\u043c\u0438\u0447\u043a\u0435 \u043f\u043e\u043a\u0440\u0435\u0442\u0435<\/strong> \u2013 \u043f\u0440\u0438\u0441\u0442\u0443\u043f \u043a\u043e\u0458\u0438 \u0458\u0435, \u0443 \u0442\u043e \u0432\u0440\u0435\u043c\u0435, <strong>\u0438\u0441\u043f\u0440\u0435\u0434 \u0441\u0432\u043e\u0433 \u0432\u0440\u0435\u043c\u0435\u043d\u0430<\/strong> \u0458\u0435 \u0431\u0438\u043e.<\/p>\t\t\t\t\t\t\t\t<\/div>\n\t\t\t\t<div class=\"elementor-element elementor-element-e7a16bc elementor-align-center elementor-widget elementor-widget-button\" data-id=\"e7a16bc\" data-element_type=\"widget\" data-e-type=\"widget\" data-widget_type=\"button.default\">\n\t\t\t\t\t\t\t\t\t\t<a class=\"elementor-button elementor-button-link elementor-size-sm elementor-animation-bob\" href=\"https:\/\/www.parkinson-hotline.com\/sr\/%d0%ba%d0%be%d0%bd%d1%82%d0%b0%d0%ba%d1%82\/\">\n\t\t\t\t\t\t<span class=\"elementor-button-content-wrapper\">\n\t\t\t\t\t\t\t\t\t<span class=\"elementor-button-text\">\u0421\u0430\u0437\u043d\u0430\u0458\u0442\u0435 \u0432\u0438\u0448\u0435 \u0441\u0430\u0434\u0430!<\/span>\n\t\t\t\t\t<\/span>\n\t\t\t\t\t<\/a>\n\t\t\t\t\t\t\t\t<\/div>\n\t\t\t\t<\/div>\n\t\t\t\t\t<\/div>\n\t\t\t\t<\/div>\n\t\t\t\t<\/div>","protected":false},"excerpt":{"rendered":"<p>\u00dcber uns \u2013 Die Geschichte der GIGER\u00ae MD\u00ae Therapie: Innovation und Erfahrung seit \u00fcber 40 Jahren. Von den bescheidenen Anf\u00e4ngen bis zur heutigen wissenschaftlich fundierten Therapie. Seit \u00fcber vier Jahrzehnten engagieren wir uns mit Leidenschaft f\u00fcr die Verbesserung der Lebensqualit\u00e4t von Menschen mit neurologischen Erkrankungen. Unsere Reise ist gepr\u00e4gt von kontinuierlicher Forschung, famili\u00e4rem Engagement und [&hellip;]<\/p>\n","protected":false},"author":1,"featured_media":0,"parent":0,"menu_order":0,"comment_status":"closed","ping_status":"closed","template":"","meta":{"inline_featured_image":false,"footnotes":""},"class_list":["post-64949","page","type-page","status-publish","hentry"],"_links":{"self":[{"href":"https:\/\/www.parkinson-hotline.com\/sr\/wp-json\/wp\/v2\/pages\/64949","targetHints":{"allow":["GET"]}}],"collection":[{"href":"https:\/\/www.parkinson-hotline.com\/sr\/wp-json\/wp\/v2\/pages"}],"about":[{"href":"https:\/\/www.parkinson-hotline.com\/sr\/wp-json\/wp\/v2\/types\/page"}],"author":[{"embeddable":true,"href":"https:\/\/www.parkinson-hotline.com\/sr\/wp-json\/wp\/v2\/users\/1"}],"replies":[{"embeddable":true,"href":"https:\/\/www.parkinson-hotline.com\/sr\/wp-json\/wp\/v2\/comments?post=64949"}],"version-history":[{"count":27,"href":"https:\/\/www.parkinson-hotline.com\/sr\/wp-json\/wp\/v2\/pages\/64949\/revisions"}],"predecessor-version":[{"id":66739,"href":"https:\/\/www.parkinson-hotline.com\/sr\/wp-json\/wp\/v2\/pages\/64949\/revisions\/66739"}],"wp:attachment":[{"href":"https:\/\/www.parkinson-hotline.com\/sr\/wp-json\/wp\/v2\/media?parent=64949"}],"curies":[{"name":"wp","href":"https:\/\/api.w.org\/{rel}","templated":true}]}}